{"id":53072,"date":"2021-07-27T09:45:42","date_gmt":"2021-07-27T07:45:42","guid":{"rendered":"https:\/\/mapau.es\/producto\/pack-paimport-con-lavabo-sobreencimera-y-espejo-led-2\/"},"modified":"2026-04-22T12:46:07","modified_gmt":"2026-04-22T10:46:07","slug":"pack-paimport-con-lavabo-sobreencimera-y-espejo-led-2","status":"publish","type":"product","link":"https:\/\/mapau.es\/fr\/producto\/pack-paimport-con-lavabo-sobreencimera-y-espejo-led-2\/","title":{"rendered":"Pack Paimport avec vasque \u00e0 poser et miroir LED"},"content":{"rendered":"<p>Meuble vasque suspendu avec lavabo et miroir \u00e9clair\u00e9. Fabriqu\u00e9 en panneaux de particules m\u00e9lamin\u00e9s de 19 mm, il est dot\u00e9 de deux portes. Fa\u00e7ade orn\u00e9e d&rsquo;une d\u00e9coupe laser d\u00e9corative.   Comprend un lavabo en c\u00e9ramique blanche brillante. Comprend un miroir avec \u00e9clairage LED, IP65, 8,4 W, 910 lm et temp\u00e9rature de lumi\u00e8re 6000 K. Les meubles sont livr\u00e9s assembl\u00e9s, pr\u00eats \u00e0 \u00eatre accroch\u00e9s au mur. Un kit de montage du meuble est inclus. Robinet et siphon non inclus. Fabriqu\u00e9 en Espagne.<\/p>\n","protected":false},"excerpt":{"rendered":"<p>Meuble vasque suspendu avec lavabo et miroir \u00e9clair\u00e9. Fabriqu\u00e9 en panneaux de particules m\u00e9lamin\u00e9s de 19 mm, il est dot\u00e9 de deux portes. Fa\u00e7ade orn\u00e9e d&rsquo;une d\u00e9coupe laser d\u00e9corative. Comprend un lavabo en c\u00e9ramique blanche brillante. Comprend un miroir avec \u00e9clairage LED, IP65, 8,4 W, 910 lm et temp\u00e9rature de lumi\u00e8re 6000 K. Les meubles &hellip; <a href=\"https:\/\/mapau.es\/fr\/producto\/pack-paimport-con-lavabo-sobreencimera-y-espejo-led-2\/\">Continued<\/a><\/p>\n","protected":false},"featured_media":46071,"comment_status":"closed","ping_status":"closed","template":"","meta":{"_acf_changed":false},"product_brand":[683],"product_cat":[664],"product_tag":[],"class_list":{"0":"post-53072","1":"product","2":"type-product","3":"status-publish","4":"has-post-thumbnail","6":"product_brand-paimport","7":"product_cat-meubles-de-salle-de-bain","8":"pa_caracteristicas-porte","9":"pa_colores-blanc","10":"pa_colores-cendre","11":"pa_colores-chene-de-bardolino","12":"pa_colores-chene-noir-de-jais","13":"pa_colores-noyer","14":"pa_medidas-120-cm","15":"pa_medidas-80-cm","17":"first","18":"instock","19":"purchasable","20":"product-type-variable"},"acf":[],"_links":{"self":[{"href":"https:\/\/mapau.es\/fr\/wp-json\/wp\/v2\/product\/53072","targetHints":{"allow":["GET"]}}],"collection":[{"href":"https:\/\/mapau.es\/fr\/wp-json\/wp\/v2\/product"}],"about":[{"href":"https:\/\/mapau.es\/fr\/wp-json\/wp\/v2\/types\/product"}],"replies":[{"embeddable":true,"href":"https:\/\/mapau.es\/fr\/wp-json\/wp\/v2\/comments?post=53072"}],"wp:featuredmedia":[{"embeddable":true,"href":"https:\/\/mapau.es\/fr\/wp-json\/wp\/v2\/media\/46071"}],"wp:attachment":[{"href":"https:\/\/mapau.es\/fr\/wp-json\/wp\/v2\/media?parent=53072"}],"wp:term":[{"taxonomy":"product_brand","embeddable":true,"href":"https:\/\/mapau.es\/fr\/wp-json\/wp\/v2\/product_brand?post=53072"},{"taxonomy":"product_cat","embeddable":true,"href":"https:\/\/mapau.es\/fr\/wp-json\/wp\/v2\/product_cat?post=53072"},{"taxonomy":"product_tag","embeddable":true,"href":"https:\/\/mapau.es\/fr\/wp-json\/wp\/v2\/product_tag?post=53072"}],"curies":[{"name":"wp","href":"https:\/\/api.w.org\/{rel}","templated":true}]}}