{"id":53073,"date":"2021-07-26T15:30:55","date_gmt":"2021-07-26T13:30:55","guid":{"rendered":"https:\/\/mapau.es\/producto\/pack-dunet-con-lavabo-2\/"},"modified":"2026-03-30T17:18:40","modified_gmt":"2026-03-30T15:18:40","slug":"pack-dunet-con-lavabo-2","status":"publish","type":"product","link":"https:\/\/mapau.es\/fr\/producto\/pack-dunet-con-lavabo-2\/","title":{"rendered":"Pack Dunet avec \u00e9vier"},"content":{"rendered":"<p>Pack comprenant un meuble de salle de bains de profondeur r\u00e9duite \u00e0 22 cm, en panneaux de particules stratifi\u00e9s de 19 mm, avec une porte \u00e0 fermeture douce et une \u00e9tag\u00e8re int\u00e9rieure. Vasque \u00e0 poser en r\u00e9sine blanche avec trou pour robinetterie inclus. Vasque \u00e0 poser en r\u00e9sine blanche avec trou pour robinetterie inclus. Robinet et miroir non inclus. Fabriqu\u00e9 en Espagne.<\/p>\n","protected":false},"excerpt":{"rendered":"<p>Pack comprenant un meuble de salle de bains de profondeur r\u00e9duite \u00e0 22 cm, en panneaux de particules stratifi\u00e9s de 19 mm, avec une porte \u00e0 fermeture douce et une \u00e9tag\u00e8re int\u00e9rieure. Vasque \u00e0 poser en r\u00e9sine blanche avec trou pour robinetterie inclus. Vasque \u00e0 poser en r\u00e9sine blanche avec trou pour robinetterie inclus. Robinet &hellip; <a href=\"https:\/\/mapau.es\/fr\/producto\/pack-dunet-con-lavabo-2\/\">Continued<\/a><\/p>\n","protected":false},"featured_media":55406,"comment_status":"closed","ping_status":"closed","template":"","meta":{"_acf_changed":false},"product_brand":[682],"product_cat":[664],"product_tag":[],"class_list":{"0":"post-53073","1":"product","2":"type-product","3":"status-publish","4":"has-post-thumbnail","6":"product_brand-dunet","7":"product_cat-meubles-de-salle-de-bain","8":"pa_caracteristicas-porte","9":"pa_colores-blanc","10":"pa_colores-cendre","11":"pa_colores-chene-de-bardolino","12":"pa_colores-chene-noir-de-jais","13":"pa_colores-noyer","14":"pa_medidas-40-cm","16":"first","17":"instock","18":"purchasable","19":"product-type-variable"},"acf":[],"_links":{"self":[{"href":"https:\/\/mapau.es\/fr\/wp-json\/wp\/v2\/product\/53073","targetHints":{"allow":["GET"]}}],"collection":[{"href":"https:\/\/mapau.es\/fr\/wp-json\/wp\/v2\/product"}],"about":[{"href":"https:\/\/mapau.es\/fr\/wp-json\/wp\/v2\/types\/product"}],"replies":[{"embeddable":true,"href":"https:\/\/mapau.es\/fr\/wp-json\/wp\/v2\/comments?post=53073"}],"wp:featuredmedia":[{"embeddable":true,"href":"https:\/\/mapau.es\/fr\/wp-json\/wp\/v2\/media\/55406"}],"wp:attachment":[{"href":"https:\/\/mapau.es\/fr\/wp-json\/wp\/v2\/media?parent=53073"}],"wp:term":[{"taxonomy":"product_brand","embeddable":true,"href":"https:\/\/mapau.es\/fr\/wp-json\/wp\/v2\/product_brand?post=53073"},{"taxonomy":"product_cat","embeddable":true,"href":"https:\/\/mapau.es\/fr\/wp-json\/wp\/v2\/product_cat?post=53073"},{"taxonomy":"product_tag","embeddable":true,"href":"https:\/\/mapau.es\/fr\/wp-json\/wp\/v2\/product_tag?post=53073"}],"curies":[{"name":"wp","href":"https:\/\/api.w.org\/{rel}","templated":true}]}}