{"id":53075,"date":"2021-07-26T14:13:08","date_gmt":"2021-07-26T12:13:08","guid":{"rendered":"https:\/\/mapau.es\/producto\/pack-lauton-con-lavabo-y-espejo-led-2\/"},"modified":"2026-03-30T17:19:02","modified_gmt":"2026-03-30T15:19:02","slug":"pack-lauton-con-lavabo-y-espejo-led-2","status":"publish","type":"product","link":"https:\/\/mapau.es\/fr\/producto\/pack-lauton-con-lavabo-y-espejo-led-2\/","title":{"rendered":"Ensemble en laiton avec lavabo et miroir LED"},"content":{"rendered":"<p>Ensemble comprenant un meuble de salle de bains en panneaux de particules stratifi\u00e9s de 19 mm, un lavabo en c\u00e9ramique et un miroir. Meuble de salle de bains avec deux tiroirs de grande capacit\u00e9, \u00e0 extension compl\u00e8te et fermeture amortie, s&rsquo;ouvrant par des poign\u00e9es noires et des pieds de la m\u00eame couleur. \u00c9vier en c\u00e9ramique blanche inclus. Miroir avec \u00e9clairage LED int\u00e9gr\u00e9 inclus IP54, 6000\u00baK, 8,5W, 920 lumens. Il est livr\u00e9 assembl\u00e9 et pr\u00eat \u00e0 \u00eatre install\u00e9. Un kit de fixation murale est inclus. Fabriqu\u00e9 en Espagne.<\/p>\n","protected":false},"excerpt":{"rendered":"<p>Ensemble comprenant un meuble de salle de bains en panneaux de particules stratifi\u00e9s de 19 mm, un lavabo en c\u00e9ramique et un miroir. Meuble de salle de bains avec deux tiroirs de grande capacit\u00e9, \u00e0 extension compl\u00e8te et fermeture amortie, s&rsquo;ouvrant par des poign\u00e9es noires et des pieds de la m\u00eame couleur. \u00c9vier en c\u00e9ramique &hellip; <a href=\"https:\/\/mapau.es\/fr\/producto\/pack-lauton-con-lavabo-y-espejo-led-2\/\">Continued<\/a><\/p>\n","protected":false},"featured_media":55423,"comment_status":"closed","ping_status":"open","template":"","meta":{"_acf_changed":false},"product_brand":[680],"product_cat":[666,664],"product_tag":[],"class_list":{"0":"post-53075","1":"product","2":"type-product","3":"status-publish","4":"has-post-thumbnail","6":"product_brand-lauton","7":"product_cat-best-sellers","8":"product_cat-meubles-de-salle-de-bain","9":"pa_caracteristicas-2-tiroirs","10":"pa_colores-blanc","11":"pa_colores-cendre","12":"pa_colores-chene-de-bardolino","13":"pa_colores-chene-noir-de-jais","14":"pa_colores-noyer","15":"pa_medidas-100-cm","16":"pa_medidas-120-cm","17":"pa_medidas-80-cm","19":"first","20":"instock","21":"purchasable","22":"product-type-variable"},"acf":[],"_links":{"self":[{"href":"https:\/\/mapau.es\/fr\/wp-json\/wp\/v2\/product\/53075","targetHints":{"allow":["GET"]}}],"collection":[{"href":"https:\/\/mapau.es\/fr\/wp-json\/wp\/v2\/product"}],"about":[{"href":"https:\/\/mapau.es\/fr\/wp-json\/wp\/v2\/types\/product"}],"replies":[{"embeddable":true,"href":"https:\/\/mapau.es\/fr\/wp-json\/wp\/v2\/comments?post=53075"}],"wp:featuredmedia":[{"embeddable":true,"href":"https:\/\/mapau.es\/fr\/wp-json\/wp\/v2\/media\/55423"}],"wp:attachment":[{"href":"https:\/\/mapau.es\/fr\/wp-json\/wp\/v2\/media?parent=53075"}],"wp:term":[{"taxonomy":"product_brand","embeddable":true,"href":"https:\/\/mapau.es\/fr\/wp-json\/wp\/v2\/product_brand?post=53075"},{"taxonomy":"product_cat","embeddable":true,"href":"https:\/\/mapau.es\/fr\/wp-json\/wp\/v2\/product_cat?post=53075"},{"taxonomy":"product_tag","embeddable":true,"href":"https:\/\/mapau.es\/fr\/wp-json\/wp\/v2\/product_tag?post=53075"}],"curies":[{"name":"wp","href":"https:\/\/api.w.org\/{rel}","templated":true}]}}