{"id":53076,"date":"2021-07-26T10:35:32","date_gmt":"2021-07-26T08:35:32","guid":{"rendered":"https:\/\/mapau.es\/producto\/pack-burdeos-con-lavabo-y-espejo-led-2\/"},"modified":"2026-04-22T08:56:55","modified_gmt":"2026-04-22T06:56:55","slug":"pack-burdeos-con-lavabo-y-espejo-led-2","status":"publish","type":"product","link":"https:\/\/mapau.es\/fr\/producto\/pack-burdeos-con-lavabo-y-espejo-led-2\/","title":{"rendered":"Pack BURDEOS avec lavabo et miroir LED"},"content":{"rendered":"<p>Meuble vasque de salle de bain en panneaux de particules m\u00e9lamin\u00e9s de 19 mm. \u00c9l\u00e9ment d\u00e9coratif ouvert avec porte-serviettes int\u00e9gr\u00e9. Vasque \u00e0 poser en c\u00e9ramique blanche incluse. Miroir avec \u00e9clairage LED int\u00e9gr\u00e9 inclus IP54, 6000\u00baK, 8,5W, 920 lumens. Fabriqu\u00e9 en Espagne.<\/p>\n","protected":false},"excerpt":{"rendered":"<p>Meuble vasque de salle de bain en panneaux de particules m\u00e9lamin\u00e9s de 19 mm. \u00c9l\u00e9ment d\u00e9coratif ouvert avec porte-serviettes int\u00e9gr\u00e9. Vasque \u00e0 poser en c\u00e9ramique blanche incluse. Miroir avec \u00e9clairage LED int\u00e9gr\u00e9 inclus IP54, 6000\u00baK, 8,5W, 920 lumens. Fabriqu\u00e9 en Espagne.<\/p>\n","protected":false},"featured_media":50502,"comment_status":"closed","ping_status":"closed","template":"","meta":{"_acf_changed":false},"product_brand":[679],"product_cat":[664],"product_tag":[],"class_list":{"0":"post-53076","1":"product","2":"type-product","3":"status-publish","4":"has-post-thumbnail","6":"product_brand-burdeos","7":"product_cat-meubles-de-salle-de-bain","8":"pa_caracteristicas-decoratif","9":"pa_colores-blanc","10":"pa_colores-cendre","11":"pa_colores-chene-de-bardolino","12":"pa_colores-chene-noir-de-jais","13":"pa_colores-noyer","14":"pa_medidas-100-cm","15":"pa_medidas-120-cm","16":"pa_medidas-80-cm","18":"first","19":"instock","20":"purchasable","21":"product-type-variable"},"acf":[],"_links":{"self":[{"href":"https:\/\/mapau.es\/fr\/wp-json\/wp\/v2\/product\/53076","targetHints":{"allow":["GET"]}}],"collection":[{"href":"https:\/\/mapau.es\/fr\/wp-json\/wp\/v2\/product"}],"about":[{"href":"https:\/\/mapau.es\/fr\/wp-json\/wp\/v2\/types\/product"}],"replies":[{"embeddable":true,"href":"https:\/\/mapau.es\/fr\/wp-json\/wp\/v2\/comments?post=53076"}],"wp:featuredmedia":[{"embeddable":true,"href":"https:\/\/mapau.es\/fr\/wp-json\/wp\/v2\/media\/50502"}],"wp:attachment":[{"href":"https:\/\/mapau.es\/fr\/wp-json\/wp\/v2\/media?parent=53076"}],"wp:term":[{"taxonomy":"product_brand","embeddable":true,"href":"https:\/\/mapau.es\/fr\/wp-json\/wp\/v2\/product_brand?post=53076"},{"taxonomy":"product_cat","embeddable":true,"href":"https:\/\/mapau.es\/fr\/wp-json\/wp\/v2\/product_cat?post=53076"},{"taxonomy":"product_tag","embeddable":true,"href":"https:\/\/mapau.es\/fr\/wp-json\/wp\/v2\/product_tag?post=53076"}],"curies":[{"name":"wp","href":"https:\/\/api.w.org\/{rel}","templated":true}]}}