{"id":53077,"date":"2021-07-26T09:56:22","date_gmt":"2021-07-26T07:56:22","guid":{"rendered":"https:\/\/mapau.es\/producto\/pack-montpellier-con-espejo-led-y-lavabo-2\/"},"modified":"2026-03-30T17:19:15","modified_gmt":"2026-03-30T15:19:15","slug":"pack-montpellier-con-espejo-led-y-lavabo-2","status":"publish","type":"product","link":"https:\/\/mapau.es\/fr\/producto\/pack-montpellier-con-espejo-led-y-lavabo-2\/","title":{"rendered":"Pack Montpellier avec miroir LED et lavabo"},"content":{"rendered":"<p>Ensemble compos\u00e9 de meubles de salle de bains en panneaux stratifi\u00e9s finition bois, avec deux tiroirs enti\u00e8rement amovibles et une porte, tous dot\u00e9s d&rsquo;un syst\u00e8me de fermeture amortie. Lavabo avec vasque d\u00e9cal\u00e9e et miroir avec \u00e9clairage LED int\u00e9gr\u00e9. Fabriqu\u00e9 en Espagne.<\/p>\n","protected":false},"excerpt":{"rendered":"<p>Ensemble compos\u00e9 de meubles de salle de bains en panneaux stratifi\u00e9s finition bois, avec deux tiroirs enti\u00e8rement amovibles et une porte, tous dot\u00e9s d&rsquo;un syst\u00e8me de fermeture amortie. Lavabo avec vasque d\u00e9cal\u00e9e et miroir avec \u00e9clairage LED int\u00e9gr\u00e9. Fabriqu\u00e9 en Espagne.<\/p>\n","protected":false},"featured_media":55436,"comment_status":"closed","ping_status":"open","template":"","meta":{"_acf_changed":false},"product_brand":[678],"product_cat":[664],"product_tag":[],"class_list":{"0":"post-53077","1":"product","2":"type-product","3":"status-publish","4":"has-post-thumbnail","6":"product_brand-montpellier","7":"product_cat-meubles-de-salle-de-bain","8":"pa_caracteristicas-2-tiroirs","9":"pa_caracteristicas-porte","10":"pa_colores-blanc","11":"pa_colores-cendre","12":"pa_colores-chene-de-bardolino","13":"pa_colores-chene-noir-de-jais","14":"pa_colores-noyer","15":"pa_medidas-120-cm","16":"pa_medidas-90-cm","18":"first","19":"instock","20":"purchasable","21":"product-type-variable"},"acf":[],"_links":{"self":[{"href":"https:\/\/mapau.es\/fr\/wp-json\/wp\/v2\/product\/53077","targetHints":{"allow":["GET"]}}],"collection":[{"href":"https:\/\/mapau.es\/fr\/wp-json\/wp\/v2\/product"}],"about":[{"href":"https:\/\/mapau.es\/fr\/wp-json\/wp\/v2\/types\/product"}],"replies":[{"embeddable":true,"href":"https:\/\/mapau.es\/fr\/wp-json\/wp\/v2\/comments?post=53077"}],"wp:featuredmedia":[{"embeddable":true,"href":"https:\/\/mapau.es\/fr\/wp-json\/wp\/v2\/media\/55436"}],"wp:attachment":[{"href":"https:\/\/mapau.es\/fr\/wp-json\/wp\/v2\/media?parent=53077"}],"wp:term":[{"taxonomy":"product_brand","embeddable":true,"href":"https:\/\/mapau.es\/fr\/wp-json\/wp\/v2\/product_brand?post=53077"},{"taxonomy":"product_cat","embeddable":true,"href":"https:\/\/mapau.es\/fr\/wp-json\/wp\/v2\/product_cat?post=53077"},{"taxonomy":"product_tag","embeddable":true,"href":"https:\/\/mapau.es\/fr\/wp-json\/wp\/v2\/product_tag?post=53077"}],"curies":[{"name":"wp","href":"https:\/\/api.w.org\/{rel}","templated":true}]}}