{"id":53080,"date":"2021-07-22T14:58:45","date_gmt":"2021-07-22T12:58:45","guid":{"rendered":"https:\/\/mapau.es\/producto\/pack-lille-con-lavabo-sobreencimera-y-espejo-led-circular-2\/"},"modified":"2026-03-30T17:19:39","modified_gmt":"2026-03-30T15:19:39","slug":"pack-lille-con-lavabo-sobreencimera-y-espejo-led-circular-2","status":"publish","type":"product","link":"https:\/\/mapau.es\/fr\/producto\/pack-lille-con-lavabo-sobreencimera-y-espejo-led-circular-2\/","title":{"rendered":"Pack Lille avec vasque \u00e0 poser et miroir LED circulaire"},"content":{"rendered":"<p>Ensemble compos\u00e9 de meubles de salle de bains en panneaux de particules stratifi\u00e9s de 19 mm, avec un tiroir de grande capacit\u00e9, \u00e0 fermeture douce et \u00e0 extension compl\u00e8te, et un espace d\u00e9coratif inf\u00e9rieur. Comprend 2 pieds en m\u00e9tal au design contemporain, finition noir mat. Vasque de comptoir en c\u00e9ramique blanche incluse. Miroir circulaire avec \u00e9clairage LED de 9,6 W, 600 lumens et une temp\u00e9rature de couleur de 6000 K. Fabriqu\u00e9 en Espagne.<\/p>\n","protected":false},"excerpt":{"rendered":"<p>Ensemble compos\u00e9 de meubles de salle de bains en panneaux de particules stratifi\u00e9s de 19 mm, avec un tiroir de grande capacit\u00e9, \u00e0 fermeture douce et \u00e0 extension compl\u00e8te, et un espace d\u00e9coratif inf\u00e9rieur. Comprend 2 pieds en m\u00e9tal au design contemporain, finition noir mat. Vasque de comptoir en c\u00e9ramique blanche incluse. Miroir circulaire avec &hellip; <a href=\"https:\/\/mapau.es\/fr\/producto\/pack-lille-con-lavabo-sobreencimera-y-espejo-led-circular-2\/\">Continued<\/a><\/p>\n","protected":false},"featured_media":55428,"comment_status":"closed","ping_status":"open","template":"","meta":{"_acf_changed":false},"product_brand":[676],"product_cat":[664],"product_tag":[],"class_list":{"0":"post-53080","1":"product","2":"type-product","3":"status-publish","4":"has-post-thumbnail","6":"product_brand-lille","7":"product_cat-meubles-de-salle-de-bain","8":"pa_caracteristicas-1-tiroir","9":"pa_colores-blanc","10":"pa_colores-cendre","11":"pa_colores-chene-de-bardolino","12":"pa_colores-chene-noir-de-jais","13":"pa_colores-noyer","14":"pa_medidas-100-cm","15":"pa_medidas-120-cm","16":"pa_medidas-80-cm","18":"first","19":"instock","20":"purchasable","21":"product-type-variable"},"acf":[],"_links":{"self":[{"href":"https:\/\/mapau.es\/fr\/wp-json\/wp\/v2\/product\/53080","targetHints":{"allow":["GET"]}}],"collection":[{"href":"https:\/\/mapau.es\/fr\/wp-json\/wp\/v2\/product"}],"about":[{"href":"https:\/\/mapau.es\/fr\/wp-json\/wp\/v2\/types\/product"}],"replies":[{"embeddable":true,"href":"https:\/\/mapau.es\/fr\/wp-json\/wp\/v2\/comments?post=53080"}],"wp:featuredmedia":[{"embeddable":true,"href":"https:\/\/mapau.es\/fr\/wp-json\/wp\/v2\/media\/55428"}],"wp:attachment":[{"href":"https:\/\/mapau.es\/fr\/wp-json\/wp\/v2\/media?parent=53080"}],"wp:term":[{"taxonomy":"product_brand","embeddable":true,"href":"https:\/\/mapau.es\/fr\/wp-json\/wp\/v2\/product_brand?post=53080"},{"taxonomy":"product_cat","embeddable":true,"href":"https:\/\/mapau.es\/fr\/wp-json\/wp\/v2\/product_cat?post=53080"},{"taxonomy":"product_tag","embeddable":true,"href":"https:\/\/mapau.es\/fr\/wp-json\/wp\/v2\/product_tag?post=53080"}],"curies":[{"name":"wp","href":"https:\/\/api.w.org\/{rel}","templated":true}]}}