{"id":53081,"date":"2021-07-21T16:01:34","date_gmt":"2021-07-21T14:01:34","guid":{"rendered":"https:\/\/mapau.es\/producto\/pack-amiens-con-doble-lavabo-sobreencimera-redondo-y-espejo-led-2\/"},"modified":"2026-03-30T17:19:39","modified_gmt":"2026-03-30T15:19:39","slug":"pack-amiens-con-doble-lavabo-sobreencimera-redondo-y-espejo-led-2","status":"publish","type":"product","link":"https:\/\/mapau.es\/fr\/producto\/pack-amiens-con-doble-lavabo-sobreencimera-redondo-y-espejo-led-2\/","title":{"rendered":"Pack Amiens avec double vasque ronde \u00e0 poser et miroir LED"},"content":{"rendered":"<p>Ensemble compos\u00e9 de meubles de salle de bains en panneaux de particules stratifi\u00e9s de 19 mm, deux tiroirs de grande capacit\u00e9, \u00e0 fermeture douce et \u00e0 extension compl\u00e8te. Comptoir en porcelaine. Lavabo double \u00e0 poser en c\u00e9ramique blanche inclus. Miroir avec \u00e9clairage LED de 9,6 W, 600 lumens et une temp\u00e9rature de couleur de 6000 K. Fabriqu\u00e9 en Espagne.<\/p>\n","protected":false},"excerpt":{"rendered":"<p>Ensemble compos\u00e9 de meubles de salle de bains en panneaux de particules stratifi\u00e9s de 19 mm, deux tiroirs de grande capacit\u00e9, \u00e0 fermeture douce et \u00e0 extension compl\u00e8te. Comptoir en porcelaine. Lavabo double \u00e0 poser en c\u00e9ramique blanche inclus. Miroir avec \u00e9clairage LED de 9,6 W, 600 lumens et une temp\u00e9rature de couleur de 6000 &hellip; <a href=\"https:\/\/mapau.es\/fr\/producto\/pack-amiens-con-doble-lavabo-sobreencimera-redondo-y-espejo-led-2\/\">Continued<\/a><\/p>\n","protected":false},"featured_media":55366,"comment_status":"closed","ping_status":"open","template":"","meta":{"_acf_changed":false},"product_brand":[675],"product_cat":[664],"product_tag":[],"class_list":{"0":"post-53081","1":"product","2":"type-product","3":"status-publish","4":"has-post-thumbnail","6":"product_brand-amiens","7":"product_cat-meubles-de-salle-de-bain","8":"pa_caracteristicas-2-tiroirs","9":"pa_colores-marbre-beige-bardolino","10":"pa_colores-marbre-beige-blanc","11":"pa_colores-marbre-gris-blanc","12":"pa_colores-marbre-gris-noir-de-jais","13":"pa_medidas-180-cm","15":"first","16":"instock","17":"purchasable","18":"product-type-variable"},"acf":[],"_links":{"self":[{"href":"https:\/\/mapau.es\/fr\/wp-json\/wp\/v2\/product\/53081","targetHints":{"allow":["GET"]}}],"collection":[{"href":"https:\/\/mapau.es\/fr\/wp-json\/wp\/v2\/product"}],"about":[{"href":"https:\/\/mapau.es\/fr\/wp-json\/wp\/v2\/types\/product"}],"replies":[{"embeddable":true,"href":"https:\/\/mapau.es\/fr\/wp-json\/wp\/v2\/comments?post=53081"}],"wp:featuredmedia":[{"embeddable":true,"href":"https:\/\/mapau.es\/fr\/wp-json\/wp\/v2\/media\/55366"}],"wp:attachment":[{"href":"https:\/\/mapau.es\/fr\/wp-json\/wp\/v2\/media?parent=53081"}],"wp:term":[{"taxonomy":"product_brand","embeddable":true,"href":"https:\/\/mapau.es\/fr\/wp-json\/wp\/v2\/product_brand?post=53081"},{"taxonomy":"product_cat","embeddable":true,"href":"https:\/\/mapau.es\/fr\/wp-json\/wp\/v2\/product_cat?post=53081"},{"taxonomy":"product_tag","embeddable":true,"href":"https:\/\/mapau.es\/fr\/wp-json\/wp\/v2\/product_tag?post=53081"}],"curies":[{"name":"wp","href":"https:\/\/api.w.org\/{rel}","templated":true}]}}