{"id":53082,"date":"2021-07-21T15:50:14","date_gmt":"2021-07-21T13:50:14","guid":{"rendered":"https:\/\/mapau.es\/producto\/pack-amiens-con-lavabo-sobreencimera-redondo-y-espejo-led-2\/"},"modified":"2026-03-30T17:19:39","modified_gmt":"2026-03-30T15:19:39","slug":"pack-amiens-con-lavabo-sobreencimera-redondo-y-espejo-led-2","status":"publish","type":"product","link":"https:\/\/mapau.es\/fr\/producto\/pack-amiens-con-lavabo-sobreencimera-redondo-y-espejo-led-2\/","title":{"rendered":"Pack Amiens avec vases ronds et miroirs LED"},"content":{"rendered":"<p>Ensemble compos\u00e9 de meubles de salle de bains en panneaux de particules stratifi\u00e9s de 19 mm, avec un tiroir de grande capacit\u00e9, fermeture amortie et extension compl\u00e8te. Comptoir en porcelaine. Vasque de comptoir en c\u00e9ramique blanche incluse. Miroir avec \u00e9clairage LED de 9,6 W, 600 lumens et une temp\u00e9rature de couleur de 6000 K. Fabriqu\u00e9 en Espagne.<\/p>\n","protected":false},"excerpt":{"rendered":"<p>Ensemble compos\u00e9 de meubles de salle de bains en panneaux de particules stratifi\u00e9s de 19 mm, avec un tiroir de grande capacit\u00e9, fermeture amortie et extension compl\u00e8te. Comptoir en porcelaine. Vasque de comptoir en c\u00e9ramique blanche incluse. Miroir avec \u00e9clairage LED de 9,6 W, 600 lumens et une temp\u00e9rature de couleur de 6000 K. Fabriqu\u00e9 &hellip; <a href=\"https:\/\/mapau.es\/fr\/producto\/pack-amiens-con-lavabo-sobreencimera-redondo-y-espejo-led-2\/\">Continued<\/a><\/p>\n","protected":false},"featured_media":55369,"comment_status":"closed","ping_status":"open","template":"","meta":{"_acf_changed":false},"product_brand":[675],"product_cat":[664],"product_tag":[],"class_list":{"0":"post-53082","1":"product","2":"type-product","3":"status-publish","4":"has-post-thumbnail","6":"product_brand-amiens","7":"product_cat-meubles-de-salle-de-bain","8":"pa_caracteristicas-1-tiroir","9":"pa_colores-marbre-beige-bardolino","10":"pa_colores-marbre-beige-blanc","11":"pa_colores-marbre-gris-blanc","12":"pa_colores-marbre-gris-noir-de-jais","13":"pa_medidas-120-cm","14":"pa_medidas-90-cm","16":"first","17":"instock","18":"purchasable","19":"product-type-variable"},"acf":[],"_links":{"self":[{"href":"https:\/\/mapau.es\/fr\/wp-json\/wp\/v2\/product\/53082","targetHints":{"allow":["GET"]}}],"collection":[{"href":"https:\/\/mapau.es\/fr\/wp-json\/wp\/v2\/product"}],"about":[{"href":"https:\/\/mapau.es\/fr\/wp-json\/wp\/v2\/types\/product"}],"replies":[{"embeddable":true,"href":"https:\/\/mapau.es\/fr\/wp-json\/wp\/v2\/comments?post=53082"}],"wp:featuredmedia":[{"embeddable":true,"href":"https:\/\/mapau.es\/fr\/wp-json\/wp\/v2\/media\/55369"}],"wp:attachment":[{"href":"https:\/\/mapau.es\/fr\/wp-json\/wp\/v2\/media?parent=53082"}],"wp:term":[{"taxonomy":"product_brand","embeddable":true,"href":"https:\/\/mapau.es\/fr\/wp-json\/wp\/v2\/product_brand?post=53082"},{"taxonomy":"product_cat","embeddable":true,"href":"https:\/\/mapau.es\/fr\/wp-json\/wp\/v2\/product_cat?post=53082"},{"taxonomy":"product_tag","embeddable":true,"href":"https:\/\/mapau.es\/fr\/wp-json\/wp\/v2\/product_tag?post=53082"}],"curies":[{"name":"wp","href":"https:\/\/api.w.org\/{rel}","templated":true}]}}