{"id":53084,"date":"2021-07-20T15:55:18","date_gmt":"2021-07-20T13:55:18","guid":{"rendered":"https:\/\/mapau.es\/producto\/pack-venus-con-lavabo-marmol-compacto-doble-seno-espejo-y-foco-led-2\/"},"modified":"2026-03-30T17:19:39","modified_gmt":"2026-03-30T15:19:39","slug":"pack-venus-con-lavabo-marmol-compacto-doble-seno-espejo-y-foco-led-2","status":"publish","type":"product","link":"https:\/\/mapau.es\/fr\/producto\/pack-venus-con-lavabo-marmol-compacto-doble-seno-espejo-y-foco-led-2\/","title":{"rendered":"Bo\u00eete V\u00e9nus avec double vase en marbre compact, miroir et spot LED"},"content":{"rendered":"<p>Ensemble compos\u00e9 de meubles de salle de bains en panneaux de particules stratifi\u00e9s de 19 mm avec une finition mate, comprenant deux tiroirs de grande capacit\u00e9 \u00e0 fermeture douce et \u00e0 extension compl\u00e8te. Lavabo suspendu \u00e0 double vasque en marbre compact avec supports en acier inoxydable. Miroir simple et ampoule LED 6000K, 9,6W, 600lm. Fabriqu\u00e9 en Espagne. Robinet non inclus.<\/p>\n","protected":false},"excerpt":{"rendered":"<p>Ensemble compos\u00e9 de meubles de salle de bains en panneaux de particules stratifi\u00e9s de 19 mm avec une finition mate, comprenant deux tiroirs de grande capacit\u00e9 \u00e0 fermeture douce et \u00e0 extension compl\u00e8te. Lavabo suspendu \u00e0 double vasque en marbre compact avec supports en acier inoxydable. Miroir simple et ampoule LED 6000K, 9,6W, 600lm. Fabriqu\u00e9 &hellip; <a href=\"https:\/\/mapau.es\/fr\/producto\/pack-venus-con-lavabo-marmol-compacto-doble-seno-espejo-y-foco-led-2\/\">Continued<\/a><\/p>\n","protected":false},"featured_media":55463,"comment_status":"closed","ping_status":"open","template":"","meta":{"_acf_changed":false},"product_brand":[674],"product_cat":[664],"product_tag":[],"class_list":{"0":"post-53084","1":"product","2":"type-product","3":"status-publish","4":"has-post-thumbnail","6":"product_brand-venus","7":"product_cat-meubles-de-salle-de-bain","8":"pa_caracteristicas-2-tiroirs","9":"pa_colores-blanc","10":"pa_colores-beige","11":"pa_colores-gris","12":"pa_medidas-180-cm","14":"first","15":"instock","16":"purchasable","17":"product-type-variable"},"acf":[],"_links":{"self":[{"href":"https:\/\/mapau.es\/fr\/wp-json\/wp\/v2\/product\/53084","targetHints":{"allow":["GET"]}}],"collection":[{"href":"https:\/\/mapau.es\/fr\/wp-json\/wp\/v2\/product"}],"about":[{"href":"https:\/\/mapau.es\/fr\/wp-json\/wp\/v2\/types\/product"}],"replies":[{"embeddable":true,"href":"https:\/\/mapau.es\/fr\/wp-json\/wp\/v2\/comments?post=53084"}],"wp:featuredmedia":[{"embeddable":true,"href":"https:\/\/mapau.es\/fr\/wp-json\/wp\/v2\/media\/55463"}],"wp:attachment":[{"href":"https:\/\/mapau.es\/fr\/wp-json\/wp\/v2\/media?parent=53084"}],"wp:term":[{"taxonomy":"product_brand","embeddable":true,"href":"https:\/\/mapau.es\/fr\/wp-json\/wp\/v2\/product_brand?post=53084"},{"taxonomy":"product_cat","embeddable":true,"href":"https:\/\/mapau.es\/fr\/wp-json\/wp\/v2\/product_cat?post=53084"},{"taxonomy":"product_tag","embeddable":true,"href":"https:\/\/mapau.es\/fr\/wp-json\/wp\/v2\/product_tag?post=53084"}],"curies":[{"name":"wp","href":"https:\/\/api.w.org\/{rel}","templated":true}]}}