{"id":53086,"date":"2021-07-20T15:29:56","date_gmt":"2021-07-20T13:29:56","guid":{"rendered":"https:\/\/mapau.es\/producto\/pack-miniset-con-lavabo-y-espejo-led-2\/"},"modified":"2026-04-22T12:33:28","modified_gmt":"2026-04-22T10:33:28","slug":"pack-miniset-con-lavabo-y-espejo-led-2","status":"publish","type":"product","link":"https:\/\/mapau.es\/fr\/producto\/pack-miniset-con-lavabo-y-espejo-led-2\/","title":{"rendered":"Miniset avec lavabo et miroir LED"},"content":{"rendered":"<p>Pack compos\u00e9 d&rsquo;un meuble de salle de bains de profondeur r\u00e9duite \u00e0 36 cm, fabriqu\u00e9 en panneaux de particules stratifi\u00e9s de 19 mm, comprenant un tiroir de grande capacit\u00e9 \u00e0 fermeture douce et \u00e0 extension compl\u00e8te. Vasque de comptoir en c\u00e9ramique blanche incluse. Miroir avec \u00e9clairage LED int\u00e9gr\u00e9, indice de protection IP54. Fabriqu\u00e9 en Espagne.<\/p>\n","protected":false},"excerpt":{"rendered":"<p>Pack compos\u00e9 d&rsquo;un meuble de salle de bains de profondeur r\u00e9duite \u00e0 36 cm, fabriqu\u00e9 en panneaux de particules stratifi\u00e9s de 19 mm, comprenant un tiroir de grande capacit\u00e9 \u00e0 fermeture douce et \u00e0 extension compl\u00e8te. Vasque de comptoir en c\u00e9ramique blanche incluse. Miroir avec \u00e9clairage LED int\u00e9gr\u00e9, indice de protection IP54. Fabriqu\u00e9 en Espagne.<\/p>\n","protected":false},"featured_media":3363,"comment_status":"closed","ping_status":"closed","template":"","meta":{"_acf_changed":false},"product_brand":[673],"product_cat":[666,664],"product_tag":[],"class_list":{"0":"post-53086","1":"product","2":"type-product","3":"status-publish","4":"has-post-thumbnail","6":"product_brand-miniset","7":"product_cat-best-sellers","8":"product_cat-meubles-de-salle-de-bain","9":"pa_caracteristicas-1-tiroir","10":"pa_colores-blanc","11":"pa_colores-cendre","12":"pa_colores-chene-de-bardolino","13":"pa_colores-chene-noir-de-jais","14":"pa_medidas-60-cm","16":"first","17":"instock","18":"purchasable","19":"product-type-variable"},"acf":[],"_links":{"self":[{"href":"https:\/\/mapau.es\/fr\/wp-json\/wp\/v2\/product\/53086","targetHints":{"allow":["GET"]}}],"collection":[{"href":"https:\/\/mapau.es\/fr\/wp-json\/wp\/v2\/product"}],"about":[{"href":"https:\/\/mapau.es\/fr\/wp-json\/wp\/v2\/types\/product"}],"replies":[{"embeddable":true,"href":"https:\/\/mapau.es\/fr\/wp-json\/wp\/v2\/comments?post=53086"}],"wp:featuredmedia":[{"embeddable":true,"href":"https:\/\/mapau.es\/fr\/wp-json\/wp\/v2\/media\/3363"}],"wp:attachment":[{"href":"https:\/\/mapau.es\/fr\/wp-json\/wp\/v2\/media?parent=53086"}],"wp:term":[{"taxonomy":"product_brand","embeddable":true,"href":"https:\/\/mapau.es\/fr\/wp-json\/wp\/v2\/product_brand?post=53086"},{"taxonomy":"product_cat","embeddable":true,"href":"https:\/\/mapau.es\/fr\/wp-json\/wp\/v2\/product_cat?post=53086"},{"taxonomy":"product_tag","embeddable":true,"href":"https:\/\/mapau.es\/fr\/wp-json\/wp\/v2\/product_tag?post=53086"}],"curies":[{"name":"wp","href":"https:\/\/api.w.org\/{rel}","templated":true}]}}