{"id":53088,"date":"2021-07-20T15:10:11","date_gmt":"2021-07-20T13:10:11","guid":{"rendered":"https:\/\/mapau.es\/producto\/pack-adour-con-lavabo-y-espejo-led-2\/"},"modified":"2026-04-17T09:44:32","modified_gmt":"2026-04-17T07:44:32","slug":"pack-adour-con-lavabo-y-espejo-led-2","status":"publish","type":"product","link":"https:\/\/mapau.es\/fr\/producto\/pack-adour-con-lavabo-y-espejo-led-2\/","title":{"rendered":"Pack Adour avec lavabo et miroir LED"},"content":{"rendered":"<p>Ensemble compos\u00e9 de meubles de salle de bains en panneaux de particules stratifi\u00e9s de 19 mm, structure m\u00e9tallique, tiroir de grande capacit\u00e9, fermeture amortie et extension compl\u00e8te. \u00c9vier en c\u00e9ramique blanche inclus. Miroir avec \u00e9clairage LED de 9,6 W, 600 lumens et une temp\u00e9rature de couleur de 6000 K. Fabriqu\u00e9 en Espagne.<\/p>\n","protected":false},"excerpt":{"rendered":"<p>Ensemble compos\u00e9 de meubles de salle de bains en panneaux de particules stratifi\u00e9s de 19 mm, structure m\u00e9tallique, tiroir de grande capacit\u00e9, fermeture amortie et extension compl\u00e8te. \u00c9vier en c\u00e9ramique blanche inclus. Miroir avec \u00e9clairage LED de 9,6 W, 600 lumens et une temp\u00e9rature de couleur de 6000 K. Fabriqu\u00e9 en Espagne.<\/p>\n","protected":false},"featured_media":58504,"comment_status":"closed","ping_status":"closed","template":"","meta":{"_acf_changed":false},"product_brand":[671],"product_cat":[666,664],"product_tag":[],"class_list":{"0":"post-53088","1":"product","2":"type-product","3":"status-publish","4":"has-post-thumbnail","6":"product_brand-adour","7":"product_cat-best-sellers","8":"product_cat-meubles-de-salle-de-bain","9":"pa_caracteristicas-1-tiroir","10":"pa_colores-blanc","11":"pa_colores-chene-de-bardolino","12":"pa_colores-chene-noir-de-jais","13":"pa_colores-noyer","14":"pa_medidas-100-cm","15":"pa_medidas-120-cm","16":"pa_medidas-80-cm","18":"first","19":"instock","20":"purchasable","21":"product-type-variable"},"acf":[],"_links":{"self":[{"href":"https:\/\/mapau.es\/fr\/wp-json\/wp\/v2\/product\/53088","targetHints":{"allow":["GET"]}}],"collection":[{"href":"https:\/\/mapau.es\/fr\/wp-json\/wp\/v2\/product"}],"about":[{"href":"https:\/\/mapau.es\/fr\/wp-json\/wp\/v2\/types\/product"}],"replies":[{"embeddable":true,"href":"https:\/\/mapau.es\/fr\/wp-json\/wp\/v2\/comments?post=53088"}],"wp:featuredmedia":[{"embeddable":true,"href":"https:\/\/mapau.es\/fr\/wp-json\/wp\/v2\/media\/58504"}],"wp:attachment":[{"href":"https:\/\/mapau.es\/fr\/wp-json\/wp\/v2\/media?parent=53088"}],"wp:term":[{"taxonomy":"product_brand","embeddable":true,"href":"https:\/\/mapau.es\/fr\/wp-json\/wp\/v2\/product_brand?post=53088"},{"taxonomy":"product_cat","embeddable":true,"href":"https:\/\/mapau.es\/fr\/wp-json\/wp\/v2\/product_cat?post=53088"},{"taxonomy":"product_tag","embeddable":true,"href":"https:\/\/mapau.es\/fr\/wp-json\/wp\/v2\/product_tag?post=53088"}],"curies":[{"name":"wp","href":"https:\/\/api.w.org\/{rel}","templated":true}]}}