{"id":53089,"date":"2021-07-18T18:50:49","date_gmt":"2021-07-18T16:50:49","guid":{"rendered":"https:\/\/mapau.es\/producto\/pack-iroise-dos-cajones-con-lavabo-espejo-y-foco-led-2\/"},"modified":"2026-04-22T12:13:57","modified_gmt":"2026-04-22T10:13:57","slug":"pack-iroise-dos-cajones-con-lavabo-espejo-y-foco-led-2","status":"publish","type":"product","link":"https:\/\/mapau.es\/fr\/producto\/pack-iroise-dos-cajones-con-lavabo-espejo-y-foco-led-2\/","title":{"rendered":"Pack Iroise avec deux fen\u00eatres, lavabo, miroir et spot LED"},"content":{"rendered":"<p>Ce meuble-lavabo est fabriqu\u00e9 en panneaux de particules laqu\u00e9s brillants de 19 mm d&rsquo;\u00e9paisseur. Sa fa\u00e7ade usin\u00e9e, \u00e9galement laqu\u00e9e blanche brillante, est \u00e9quip\u00e9e de deux tiroirs grande capacit\u00e9 \u00e0 fermeture amortie et \u00e0 extension compl\u00e8te. Une vasque \u00e0 poser en c\u00e9ramique blanche est incluse. Un miroir simple de 120 x 50 cm et un spot LED de 9,6 W (600 lumens, temp\u00e9rature de couleur de 6 000 K) sont \u00e9galement fournis.   Fabriqu\u00e9 en Espagne.<\/p>\n","protected":false},"excerpt":{"rendered":"<p>Ce meuble-lavabo est fabriqu\u00e9 en panneaux de particules laqu\u00e9s brillants de 19 mm d&rsquo;\u00e9paisseur. Sa fa\u00e7ade usin\u00e9e, \u00e9galement laqu\u00e9e blanche brillante, est \u00e9quip\u00e9e de deux tiroirs grande capacit\u00e9 \u00e0 fermeture amortie et \u00e0 extension compl\u00e8te. Une vasque \u00e0 poser en c\u00e9ramique blanche est incluse. Un miroir simple de 120 x 50 cm et un spot &hellip; <a href=\"https:\/\/mapau.es\/fr\/producto\/pack-iroise-dos-cajones-con-lavabo-espejo-y-foco-led-2\/\">Continued<\/a><\/p>\n","protected":false},"featured_media":38504,"comment_status":"closed","ping_status":"closed","template":"","meta":{"_acf_changed":false},"product_brand":[670],"product_cat":[666,664],"product_tag":[],"class_list":{"0":"post-53089","1":"product","2":"type-product","3":"status-publish","4":"has-post-thumbnail","6":"product_brand-iroise","7":"product_cat-best-sellers","8":"product_cat-meubles-de-salle-de-bain","9":"pa_caracteristicas-2-tiroirs","10":"pa_colores-blanc","11":"pa_medidas-100-cm","12":"pa_medidas-120-cm","13":"pa_medidas-80-cm","15":"first","16":"instock","17":"purchasable","18":"product-type-variable"},"acf":[],"_links":{"self":[{"href":"https:\/\/mapau.es\/fr\/wp-json\/wp\/v2\/product\/53089","targetHints":{"allow":["GET"]}}],"collection":[{"href":"https:\/\/mapau.es\/fr\/wp-json\/wp\/v2\/product"}],"about":[{"href":"https:\/\/mapau.es\/fr\/wp-json\/wp\/v2\/types\/product"}],"replies":[{"embeddable":true,"href":"https:\/\/mapau.es\/fr\/wp-json\/wp\/v2\/comments?post=53089"}],"wp:featuredmedia":[{"embeddable":true,"href":"https:\/\/mapau.es\/fr\/wp-json\/wp\/v2\/media\/38504"}],"wp:attachment":[{"href":"https:\/\/mapau.es\/fr\/wp-json\/wp\/v2\/media?parent=53089"}],"wp:term":[{"taxonomy":"product_brand","embeddable":true,"href":"https:\/\/mapau.es\/fr\/wp-json\/wp\/v2\/product_brand?post=53089"},{"taxonomy":"product_cat","embeddable":true,"href":"https:\/\/mapau.es\/fr\/wp-json\/wp\/v2\/product_cat?post=53089"},{"taxonomy":"product_tag","embeddable":true,"href":"https:\/\/mapau.es\/fr\/wp-json\/wp\/v2\/product_tag?post=53089"}],"curies":[{"name":"wp","href":"https:\/\/api.w.org\/{rel}","templated":true}]}}