{"id":53090,"date":"2021-07-18T18:42:18","date_gmt":"2021-07-18T16:42:18","guid":{"rendered":"https:\/\/mapau.es\/producto\/pack-iroise-con-lavabo-espejo-y-foco-led-2\/"},"modified":"2026-04-22T12:20:39","modified_gmt":"2026-04-22T10:20:39","slug":"pack-iroise-con-lavabo-espejo-y-foco-led-2","status":"publish","type":"product","link":"https:\/\/mapau.es\/fr\/producto\/pack-iroise-con-lavabo-espejo-y-foco-led-2\/","title":{"rendered":"Pack Iroise avec lavabo, miroir et projecteur LED"},"content":{"rendered":"<p>Ensemble compos\u00e9 de meubles de salle de bains en panneaux de particules laqu\u00e9s brillants de 19 mm avec une fa\u00e7ade usin\u00e9e laqu\u00e9e brillante de 19 mm et un tiroir de grande capacit\u00e9, \u00e0 fermeture douce et \u00e0 extension compl\u00e8te. Vasque de comptoir en c\u00e9ramique blanche incluse. Miroir simple et projecteur LED 9,6 W avec 600 lumens et une temp\u00e9rature de couleur de 6000 K inclus. Fabriqu\u00e9 en Espagne.<\/p>\n","protected":false},"excerpt":{"rendered":"<p>Ensemble compos\u00e9 de meubles de salle de bains en panneaux de particules laqu\u00e9s brillants de 19 mm avec une fa\u00e7ade usin\u00e9e laqu\u00e9e brillante de 19 mm et un tiroir de grande capacit\u00e9, \u00e0 fermeture douce et \u00e0 extension compl\u00e8te. Vasque de comptoir en c\u00e9ramique blanche incluse. Miroir simple et projecteur LED 9,6 W avec 600 &hellip; <a href=\"https:\/\/mapau.es\/fr\/producto\/pack-iroise-con-lavabo-espejo-y-foco-led-2\/\">Continued<\/a><\/p>\n","protected":false},"featured_media":58600,"comment_status":"closed","ping_status":"closed","template":"","meta":{"_acf_changed":false},"product_brand":[670],"product_cat":[666,664],"product_tag":[],"class_list":{"0":"post-53090","1":"product","2":"type-product","3":"status-publish","4":"has-post-thumbnail","6":"product_brand-iroise","7":"product_cat-best-sellers","8":"product_cat-meubles-de-salle-de-bain","9":"pa_caracteristicas-1-tiroir","10":"pa_colores-blanc","11":"pa_medidas-100-cm","12":"pa_medidas-120-cm","13":"pa_medidas-80-cm","15":"first","16":"instock","17":"purchasable","18":"product-type-variable"},"acf":[],"_links":{"self":[{"href":"https:\/\/mapau.es\/fr\/wp-json\/wp\/v2\/product\/53090","targetHints":{"allow":["GET"]}}],"collection":[{"href":"https:\/\/mapau.es\/fr\/wp-json\/wp\/v2\/product"}],"about":[{"href":"https:\/\/mapau.es\/fr\/wp-json\/wp\/v2\/types\/product"}],"replies":[{"embeddable":true,"href":"https:\/\/mapau.es\/fr\/wp-json\/wp\/v2\/comments?post=53090"}],"wp:featuredmedia":[{"embeddable":true,"href":"https:\/\/mapau.es\/fr\/wp-json\/wp\/v2\/media\/58600"}],"wp:attachment":[{"href":"https:\/\/mapau.es\/fr\/wp-json\/wp\/v2\/media?parent=53090"}],"wp:term":[{"taxonomy":"product_brand","embeddable":true,"href":"https:\/\/mapau.es\/fr\/wp-json\/wp\/v2\/product_brand?post=53090"},{"taxonomy":"product_cat","embeddable":true,"href":"https:\/\/mapau.es\/fr\/wp-json\/wp\/v2\/product_cat?post=53090"},{"taxonomy":"product_tag","embeddable":true,"href":"https:\/\/mapau.es\/fr\/wp-json\/wp\/v2\/product_tag?post=53090"}],"curies":[{"name":"wp","href":"https:\/\/api.w.org\/{rel}","templated":true}]}}