{"id":53091,"date":"2021-07-18T18:29:16","date_gmt":"2021-07-18T16:29:16","guid":{"rendered":"https:\/\/mapau.es\/producto\/complemento-iroise-2\/"},"modified":"2026-04-22T12:08:21","modified_gmt":"2026-04-22T10:08:21","slug":"complemento-iroise-2","status":"publish","type":"product","link":"https:\/\/mapau.es\/fr\/producto\/complemento-iroise-2\/","title":{"rendered":"Accessoire Iroise"},"content":{"rendered":"<p>Accessoire de salle de bains en MDF avec une porte en relief, une finition laqu\u00e9e brillante polie et un m\u00e9canisme de fermeture en douceur. Il comprend une \u00e9tag\u00e8re int\u00e9rieure. Charni\u00e8res avec m\u00e9canisme de fermeture en douceur test\u00e9es \u00e0 80 000 cycles, r\u00e9glables sur les trois axes. Supports muraux pouvant supporter jusqu&rsquo;\u00e0 65 kg par support. Fabriqu\u00e9 en Espagne.<\/p>\n","protected":false},"excerpt":{"rendered":"<p>Accessoire de salle de bains en MDF avec une porte en relief, une finition laqu\u00e9e brillante polie et un m\u00e9canisme de fermeture en douceur. Il comprend une \u00e9tag\u00e8re int\u00e9rieure. Charni\u00e8res avec m\u00e9canisme de fermeture en douceur test\u00e9es \u00e0 80 000 cycles, r\u00e9glables sur les trois axes. Supports muraux pouvant supporter jusqu&rsquo;\u00e0 65 kg par support. &hellip; <a href=\"https:\/\/mapau.es\/fr\/producto\/complemento-iroise-2\/\">Continued<\/a><\/p>\n","protected":false},"featured_media":38478,"comment_status":"closed","ping_status":"closed","template":"","meta":{"_acf_changed":false},"product_brand":[670],"product_cat":[667,666],"product_tag":[],"class_list":{"0":"post-53091","1":"product","2":"type-product","3":"status-publish","4":"has-post-thumbnail","6":"product_brand-iroise","7":"product_cat-accessoires","8":"product_cat-best-sellers","9":"pa_caracteristicas-porte","10":"pa_colores-blanc","11":"pa_medidas-35-cm","12":"pa_medidas-70-cm","14":"first","15":"instock","16":"purchasable","17":"product-type-variable"},"acf":[],"_links":{"self":[{"href":"https:\/\/mapau.es\/fr\/wp-json\/wp\/v2\/product\/53091","targetHints":{"allow":["GET"]}}],"collection":[{"href":"https:\/\/mapau.es\/fr\/wp-json\/wp\/v2\/product"}],"about":[{"href":"https:\/\/mapau.es\/fr\/wp-json\/wp\/v2\/types\/product"}],"replies":[{"embeddable":true,"href":"https:\/\/mapau.es\/fr\/wp-json\/wp\/v2\/comments?post=53091"}],"wp:featuredmedia":[{"embeddable":true,"href":"https:\/\/mapau.es\/fr\/wp-json\/wp\/v2\/media\/38478"}],"wp:attachment":[{"href":"https:\/\/mapau.es\/fr\/wp-json\/wp\/v2\/media?parent=53091"}],"wp:term":[{"taxonomy":"product_brand","embeddable":true,"href":"https:\/\/mapau.es\/fr\/wp-json\/wp\/v2\/product_brand?post=53091"},{"taxonomy":"product_cat","embeddable":true,"href":"https:\/\/mapau.es\/fr\/wp-json\/wp\/v2\/product_cat?post=53091"},{"taxonomy":"product_tag","embeddable":true,"href":"https:\/\/mapau.es\/fr\/wp-json\/wp\/v2\/product_tag?post=53091"}],"curies":[{"name":"wp","href":"https:\/\/api.w.org\/{rel}","templated":true}]}}