{"id":53092,"date":"2021-07-18T18:21:59","date_gmt":"2021-07-18T16:21:59","guid":{"rendered":"https:\/\/mapau.es\/producto\/complemento-rennes-2\/"},"modified":"2026-04-22T12:54:03","modified_gmt":"2026-04-22T10:54:03","slug":"complemento-rennes-2","status":"publish","type":"product","link":"https:\/\/mapau.es\/fr\/producto\/complemento-rennes-2\/","title":{"rendered":"Extension de Rennes"},"content":{"rendered":"<p>Accessoire de salle de bains mesurant 36 x 140 cm, enti\u00e8rement r\u00e9alis\u00e9 en mat\u00e9riau stratifi\u00e9 avec micro-relief et avec fermeture en douceur. Coque en bois, portes inclin\u00e9es blanc mat. \u00c9tag\u00e8res int\u00e9rieures incluses. Charni\u00e8res avec m\u00e9canisme de fermeture en douceur test\u00e9es \u00e0 80 000 cycles, r\u00e9glables sur les trois axes. Supports muraux pouvant supporter jusqu&rsquo;\u00e0 65 kg par support. Bords en PVC de 1 mm. Fabriqu\u00e9 en Espagne.<\/p>\n","protected":false},"excerpt":{"rendered":"<p>Accessoire de salle de bains mesurant 36 x 140 cm, enti\u00e8rement r\u00e9alis\u00e9 en mat\u00e9riau stratifi\u00e9 avec micro-relief et avec fermeture en douceur. Coque en bois, portes inclin\u00e9es blanc mat. \u00c9tag\u00e8res int\u00e9rieures incluses. Charni\u00e8res avec m\u00e9canisme de fermeture en douceur test\u00e9es \u00e0 80 000 cycles, r\u00e9glables sur les trois axes. Supports muraux pouvant supporter jusqu&rsquo;\u00e0 65 &hellip; <a href=\"https:\/\/mapau.es\/fr\/producto\/complemento-rennes-2\/\">Continued<\/a><\/p>\n","protected":false},"featured_media":58619,"comment_status":"closed","ping_status":"closed","template":"","meta":{"_acf_changed":false},"product_brand":[669],"product_cat":[667,666],"product_tag":[],"class_list":{"0":"post-53092","1":"product","2":"type-product","3":"status-publish","4":"has-post-thumbnail","6":"product_brand-rennes","7":"product_cat-accessoires","8":"product_cat-best-sellers","9":"pa_caracteristicas-porte","10":"pa_colores-blanc","11":"pa_colores-chene-de-bardolino","12":"pa_colores-chene-noir-de-jais","13":"pa_colores-noyer","14":"pa_medidas-140-cm","16":"first","17":"instock","18":"purchasable","19":"product-type-variable"},"acf":[],"_links":{"self":[{"href":"https:\/\/mapau.es\/fr\/wp-json\/wp\/v2\/product\/53092","targetHints":{"allow":["GET"]}}],"collection":[{"href":"https:\/\/mapau.es\/fr\/wp-json\/wp\/v2\/product"}],"about":[{"href":"https:\/\/mapau.es\/fr\/wp-json\/wp\/v2\/types\/product"}],"replies":[{"embeddable":true,"href":"https:\/\/mapau.es\/fr\/wp-json\/wp\/v2\/comments?post=53092"}],"wp:featuredmedia":[{"embeddable":true,"href":"https:\/\/mapau.es\/fr\/wp-json\/wp\/v2\/media\/58619"}],"wp:attachment":[{"href":"https:\/\/mapau.es\/fr\/wp-json\/wp\/v2\/media?parent=53092"}],"wp:term":[{"taxonomy":"product_brand","embeddable":true,"href":"https:\/\/mapau.es\/fr\/wp-json\/wp\/v2\/product_brand?post=53092"},{"taxonomy":"product_cat","embeddable":true,"href":"https:\/\/mapau.es\/fr\/wp-json\/wp\/v2\/product_cat?post=53092"},{"taxonomy":"product_tag","embeddable":true,"href":"https:\/\/mapau.es\/fr\/wp-json\/wp\/v2\/product_tag?post=53092"}],"curies":[{"name":"wp","href":"https:\/\/api.w.org\/{rel}","templated":true}]}}