{"id":53094,"date":"2021-07-18T17:50:42","date_gmt":"2021-07-18T15:50:42","guid":{"rendered":"https:\/\/mapau.es\/producto\/pack-iron-rennes-plus-con-lavabo-y-espejo-led-2\/"},"modified":"2026-04-22T12:57:53","modified_gmt":"2026-04-22T10:57:53","slug":"pack-iron-rennes-plus-con-lavabo-y-espejo-led-2","status":"publish","type":"product","link":"https:\/\/mapau.es\/fr\/producto\/pack-iron-rennes-plus-con-lavabo-y-espejo-led-2\/","title":{"rendered":"Pack Iron Rennes Plus avec lavabo et miroir LED"},"content":{"rendered":"<p>Ensemble compos\u00e9 de meubles de salle de bains en panneaux de particules stratifi\u00e9s de 19 mm avec une finition brillante, comprenant une porte et un tiroir inf\u00e9rieur \u00e0 fermeture douce et une structure m\u00e9tallique avec une finition noire mate. Vasque \u00e0 poser en c\u00e9ramique blanche incluse. Miroir avec \u00e9clairage LED int\u00e9gr\u00e9 inclus IP54, 6000\u00baK, 8,5W, 920 lumens. Fabriqu\u00e9 en Espagne.<\/p>\n","protected":false},"excerpt":{"rendered":"<p>Ensemble compos\u00e9 de meubles de salle de bains en panneaux de particules stratifi\u00e9s de 19 mm avec une finition brillante, comprenant une porte et un tiroir inf\u00e9rieur \u00e0 fermeture douce et une structure m\u00e9tallique avec une finition noire mate. Vasque \u00e0 poser en c\u00e9ramique blanche incluse. Miroir avec \u00e9clairage LED int\u00e9gr\u00e9 inclus IP54, 6000\u00baK, 8,5W, &hellip; <a href=\"https:\/\/mapau.es\/fr\/producto\/pack-iron-rennes-plus-con-lavabo-y-espejo-led-2\/\">Continued<\/a><\/p>\n","protected":false},"featured_media":45464,"comment_status":"closed","ping_status":"closed","template":"","meta":{"_acf_changed":false},"product_brand":[669],"product_cat":[664],"product_tag":[],"class_list":{"0":"post-53094","1":"product","2":"type-product","3":"status-publish","4":"has-post-thumbnail","6":"product_brand-rennes","7":"product_cat-meubles-de-salle-de-bain","8":"pa_caracteristicas-porte","9":"pa_caracteristicas-1-tiroir","10":"pa_colores-blanc","11":"pa_colores-chene-de-bardolino","12":"pa_colores-chene-noir-de-jais","13":"pa_colores-noyer","14":"pa_medidas-100-cm","15":"pa_medidas-120-cm","16":"pa_medidas-80-cm","18":"first","19":"instock","20":"purchasable","21":"product-type-variable"},"acf":[],"_links":{"self":[{"href":"https:\/\/mapau.es\/fr\/wp-json\/wp\/v2\/product\/53094","targetHints":{"allow":["GET"]}}],"collection":[{"href":"https:\/\/mapau.es\/fr\/wp-json\/wp\/v2\/product"}],"about":[{"href":"https:\/\/mapau.es\/fr\/wp-json\/wp\/v2\/types\/product"}],"replies":[{"embeddable":true,"href":"https:\/\/mapau.es\/fr\/wp-json\/wp\/v2\/comments?post=53094"}],"wp:featuredmedia":[{"embeddable":true,"href":"https:\/\/mapau.es\/fr\/wp-json\/wp\/v2\/media\/45464"}],"wp:attachment":[{"href":"https:\/\/mapau.es\/fr\/wp-json\/wp\/v2\/media?parent=53094"}],"wp:term":[{"taxonomy":"product_brand","embeddable":true,"href":"https:\/\/mapau.es\/fr\/wp-json\/wp\/v2\/product_brand?post=53094"},{"taxonomy":"product_cat","embeddable":true,"href":"https:\/\/mapau.es\/fr\/wp-json\/wp\/v2\/product_cat?post=53094"},{"taxonomy":"product_tag","embeddable":true,"href":"https:\/\/mapau.es\/fr\/wp-json\/wp\/v2\/product_tag?post=53094"}],"curies":[{"name":"wp","href":"https:\/\/api.w.org\/{rel}","templated":true}]}}