{"id":53095,"date":"2021-07-18T17:32:06","date_gmt":"2021-07-18T15:32:06","guid":{"rendered":"https:\/\/mapau.es\/producto\/pack-iron-rennes-con-lavabo-y-espejo-led-2\/"},"modified":"2026-04-22T12:56:32","modified_gmt":"2026-04-22T10:56:32","slug":"pack-iron-rennes-con-lavabo-y-espejo-led-2","status":"publish","type":"product","link":"https:\/\/mapau.es\/fr\/producto\/pack-iron-rennes-con-lavabo-y-espejo-led-2\/","title":{"rendered":"Pack Iron Rennes avec lavabo et miroir LED"},"content":{"rendered":"<p>Pack compuesto por mueble de ba\u00f1o realizado con tablero de part\u00edculas laminado de 19mm con una puerta con cierre suave y estructura met\u00e1lica acabado negro mate. Vasque \u00e0 poser en c\u00e9ramique blanche incluse. Miroir avec \u00e9clairage LED int\u00e9gr\u00e9 inclus IP54, 6000\u00baK, 8,5W, 920 lumens. Fabriqu\u00e9 en Espagne.<\/p>\n","protected":false},"excerpt":{"rendered":"<p>Pack compuesto por mueble de ba\u00f1o realizado con tablero de part\u00edculas laminado de 19mm con una puerta con cierre suave y estructura met\u00e1lica acabado negro mate. Vasque \u00e0 poser en c\u00e9ramique blanche incluse. Miroir avec \u00e9clairage LED int\u00e9gr\u00e9 inclus IP54, 6000\u00baK, 8,5W, 920 lumens. Fabriqu\u00e9 en Espagne.<\/p>\n","protected":false},"featured_media":45422,"comment_status":"closed","ping_status":"closed","template":"","meta":{"_acf_changed":false},"product_brand":[669],"product_cat":[664],"product_tag":[],"class_list":{"0":"post-53095","1":"product","2":"type-product","3":"status-publish","4":"has-post-thumbnail","6":"product_brand-rennes","7":"product_cat-meubles-de-salle-de-bain","8":"pa_caracteristicas-porte","9":"pa_colores-blanc","10":"pa_colores-chene-de-bardolino","11":"pa_colores-chene-noir-de-jais","12":"pa_colores-noyer","13":"pa_medidas-100-cm","14":"pa_medidas-120-cm","15":"pa_medidas-80-cm","17":"first","18":"instock","19":"purchasable","20":"product-type-variable"},"acf":[],"_links":{"self":[{"href":"https:\/\/mapau.es\/fr\/wp-json\/wp\/v2\/product\/53095","targetHints":{"allow":["GET"]}}],"collection":[{"href":"https:\/\/mapau.es\/fr\/wp-json\/wp\/v2\/product"}],"about":[{"href":"https:\/\/mapau.es\/fr\/wp-json\/wp\/v2\/types\/product"}],"replies":[{"embeddable":true,"href":"https:\/\/mapau.es\/fr\/wp-json\/wp\/v2\/comments?post=53095"}],"wp:featuredmedia":[{"embeddable":true,"href":"https:\/\/mapau.es\/fr\/wp-json\/wp\/v2\/media\/45422"}],"wp:attachment":[{"href":"https:\/\/mapau.es\/fr\/wp-json\/wp\/v2\/media?parent=53095"}],"wp:term":[{"taxonomy":"product_brand","embeddable":true,"href":"https:\/\/mapau.es\/fr\/wp-json\/wp\/v2\/product_brand?post=53095"},{"taxonomy":"product_cat","embeddable":true,"href":"https:\/\/mapau.es\/fr\/wp-json\/wp\/v2\/product_cat?post=53095"},{"taxonomy":"product_tag","embeddable":true,"href":"https:\/\/mapau.es\/fr\/wp-json\/wp\/v2\/product_tag?post=53095"}],"curies":[{"name":"wp","href":"https:\/\/api.w.org\/{rel}","templated":true}]}}