{"id":53098,"date":"2021-07-18T15:52:10","date_gmt":"2021-07-18T13:52:10","guid":{"rendered":"https:\/\/mapau.es\/producto\/complemento-volga-deco-2\/"},"modified":"2026-03-30T17:20:57","modified_gmt":"2026-03-30T15:20:57","slug":"complemento-volga-deco-2","status":"publish","type":"product","link":"https:\/\/mapau.es\/fr\/producto\/complemento-volga-deco-2\/","title":{"rendered":"Accessoire Volga Deco"},"content":{"rendered":"<p>Accessoire de salle de bain avec porte-serviettes, id\u00e9al pour s&rsquo;harmoniser avec d&rsquo;autres \u00e9l\u00e9ments de salle de bain et optimiser le rangement. Fabriqu\u00e9 en mat\u00e9riau stratifi\u00e9 de 19 mm. \u00c9tag\u00e8res int\u00e9rieures incluses. Porte-serviettes en aluminium finition noir mat. Crochets muraux supportant jusqu&rsquo;\u00e0 65 kg chacun. Bords finis avec du PVC de 1 mm.      Fabriqu\u00e9 en Espagne.<\/p>\n","protected":false},"excerpt":{"rendered":"<p>Accessoire de salle de bain avec porte-serviettes, id\u00e9al pour s&rsquo;harmoniser avec d&rsquo;autres \u00e9l\u00e9ments de salle de bain et optimiser le rangement. Fabriqu\u00e9 en mat\u00e9riau stratifi\u00e9 de 19 mm. \u00c9tag\u00e8res int\u00e9rieures incluses. Porte-serviettes en aluminium finition noir mat. Crochets muraux supportant jusqu&rsquo;\u00e0 65 kg chacun. Bords finis avec du PVC de 1 mm. Fabriqu\u00e9 en Espagne.<\/p>\n","protected":false},"featured_media":55467,"comment_status":"closed","ping_status":"open","template":"","meta":{"_acf_changed":false},"product_brand":[668],"product_cat":[667],"product_tag":[],"class_list":{"0":"post-53098","1":"product","2":"type-product","3":"status-publish","4":"has-post-thumbnail","6":"product_brand-volga-deco","7":"product_cat-accessoires","8":"pa_caracteristicas-decoratif","9":"pa_colores-blanc","10":"pa_colores-blanco","11":"pa_colores-cendre","12":"pa_colores-chene-de-bardolino","13":"pa_colores-chene-noir-de-jais","14":"pa_colores-fresno","15":"pa_colores-nogal","16":"pa_colores-noyer","17":"pa_colores-roble-azabache","18":"pa_colores-roble-bardolino","19":"pa_medidas-140-cm","20":"pa_medidas-35-cm","21":"pa_medidas-70-cm","23":"first","24":"instock","25":"purchasable","26":"product-type-variable"},"acf":[],"_links":{"self":[{"href":"https:\/\/mapau.es\/fr\/wp-json\/wp\/v2\/product\/53098","targetHints":{"allow":["GET"]}}],"collection":[{"href":"https:\/\/mapau.es\/fr\/wp-json\/wp\/v2\/product"}],"about":[{"href":"https:\/\/mapau.es\/fr\/wp-json\/wp\/v2\/types\/product"}],"replies":[{"embeddable":true,"href":"https:\/\/mapau.es\/fr\/wp-json\/wp\/v2\/comments?post=53098"}],"wp:featuredmedia":[{"embeddable":true,"href":"https:\/\/mapau.es\/fr\/wp-json\/wp\/v2\/media\/55467"}],"wp:attachment":[{"href":"https:\/\/mapau.es\/fr\/wp-json\/wp\/v2\/media?parent=53098"}],"wp:term":[{"taxonomy":"product_brand","embeddable":true,"href":"https:\/\/mapau.es\/fr\/wp-json\/wp\/v2\/product_brand?post=53098"},{"taxonomy":"product_cat","embeddable":true,"href":"https:\/\/mapau.es\/fr\/wp-json\/wp\/v2\/product_cat?post=53098"},{"taxonomy":"product_tag","embeddable":true,"href":"https:\/\/mapau.es\/fr\/wp-json\/wp\/v2\/product_tag?post=53098"}],"curies":[{"name":"wp","href":"https:\/\/api.w.org\/{rel}","templated":true}]}}