{"id":54722,"date":"2025-11-28T12:12:19","date_gmt":"2025-11-28T11:12:19","guid":{"rendered":"https:\/\/mapau.es\/producto\/pack-dumas-lavabo-espejo-circular-2\/"},"modified":"2026-04-22T11:25:21","modified_gmt":"2026-04-22T09:25:21","slug":"pack-dumas-lavabo-espejo-circular-2","status":"publish","type":"product","link":"https:\/\/mapau.es\/fr\/producto\/pack-dumas-lavabo-espejo-circular-2\/","title":{"rendered":"Pack DUMAS + lavabo + miroir rond"},"content":{"rendered":"<p>Ensemble de salle de bains de la collection DUMAS, au design \u00e9l\u00e9gant et intemporel qui s&rsquo;harmonise parfaitement avec tous les styles de salle de bains.L&rsquo;ensemble comprend un meuble-lavabo, un lavabo et un miroir rond.Le meuble-lavabo est dot\u00e9 d&rsquo;un tiroir. Grand espace de rangement.<br \/>Fabriqu\u00e9 en panneaux de particules de 19 mm avec rev\u00eatement m\u00e9lamin\u00e9 et finitions de surface optimales ; \u00e9cologique et recyclable.<br \/>Supports de fixation avec syst\u00e8me anti-affaissement.<br \/>Tiroir m\u00e9tallique \u00e0 double paroi au design minimaliste, caract\u00e9ris\u00e9 par des nervures fines et des lignes droites, supportant une charge de 25 kg, offrant une accessibilit\u00e9 totale et un grand espace de rangement \u00e0 l&rsquo;arri\u00e8re.<br \/>M\u00e9canisme de fermeture amortie pour prolonger la dur\u00e9e de vie du meuble et \u00e9viter les claquements et les bruits.<br \/>Vasque \u00e0 poser en c\u00e9ramique. Durable et facile \u00e0 nettoyer.<br \/>Miroir circulaire inclus.<br \/>Installation facile : livr\u00e9 assembl\u00e9 et pr\u00eat \u00e0 \u00eatre fix\u00e9 au mur. Kit de montage inclus.<br \/>Robinet et bonde non inclus.<br \/>Fabriqu\u00e9 en Espagne.<\/p>\n","protected":false},"excerpt":{"rendered":"<p>Ensemble de salle de bains de la collection DUMAS, au design \u00e9l\u00e9gant et intemporel qui s&rsquo;harmonise parfaitement avec tous les styles de salle de bains.L&rsquo;ensemble comprend un meuble-lavabo, un lavabo et un miroir rond.Le meuble-lavabo est dot\u00e9 d&rsquo;un tiroir. Grand espace de rangement.Fabriqu\u00e9 en panneaux de particules de 19 mm avec rev\u00eatement m\u00e9lamin\u00e9 et finitions &hellip; <a href=\"https:\/\/mapau.es\/fr\/producto\/pack-dumas-lavabo-espejo-circular-2\/\">Continued<\/a><\/p>\n","protected":false},"featured_media":54504,"comment_status":"open","ping_status":"closed","template":"","meta":{"_acf_changed":false},"product_brand":[755],"product_cat":[665],"product_tag":[],"class_list":{"0":"post-54722","1":"product","2":"type-product","3":"status-publish","4":"has-post-thumbnail","6":"product_brand-dumas","7":"product_cat-meubles-de-salle-de-bain-2","8":"pa_colores-blanc-mat","9":"pa_colores-chene-de-bardolino","10":"pa_colores-noyer","11":"pa_colores-alcatraz","12":"pa_medidas-481","13":"pa_medidas-489","14":"pa_medidas-485","16":"first","17":"instock","18":"shipping-taxable","19":"purchasable","20":"product-type-variable"},"acf":[],"_links":{"self":[{"href":"https:\/\/mapau.es\/fr\/wp-json\/wp\/v2\/product\/54722","targetHints":{"allow":["GET"]}}],"collection":[{"href":"https:\/\/mapau.es\/fr\/wp-json\/wp\/v2\/product"}],"about":[{"href":"https:\/\/mapau.es\/fr\/wp-json\/wp\/v2\/types\/product"}],"replies":[{"embeddable":true,"href":"https:\/\/mapau.es\/fr\/wp-json\/wp\/v2\/comments?post=54722"}],"wp:featuredmedia":[{"embeddable":true,"href":"https:\/\/mapau.es\/fr\/wp-json\/wp\/v2\/media\/54504"}],"wp:attachment":[{"href":"https:\/\/mapau.es\/fr\/wp-json\/wp\/v2\/media?parent=54722"}],"wp:term":[{"taxonomy":"product_brand","embeddable":true,"href":"https:\/\/mapau.es\/fr\/wp-json\/wp\/v2\/product_brand?post=54722"},{"taxonomy":"product_cat","embeddable":true,"href":"https:\/\/mapau.es\/fr\/wp-json\/wp\/v2\/product_cat?post=54722"},{"taxonomy":"product_tag","embeddable":true,"href":"https:\/\/mapau.es\/fr\/wp-json\/wp\/v2\/product_tag?post=54722"}],"curies":[{"name":"wp","href":"https:\/\/api.w.org\/{rel}","templated":true}]}}