{"id":54748,"date":"2025-11-28T12:12:23","date_gmt":"2025-11-28T11:12:23","guid":{"rendered":"https:\/\/mapau.es\/producto\/pack-laplace-lavabo-espejo-capsula-2\/"},"modified":"2026-03-30T17:22:23","modified_gmt":"2026-03-30T15:22:23","slug":"pack-laplace-lavabo-espejo-capsula-2","status":"publish","type":"product","link":"https:\/\/mapau.es\/fr\/producto\/pack-laplace-lavabo-espejo-capsula-2\/","title":{"rendered":"Pack LAPLACE + lavabo + espejo c\u00e1psula"},"content":{"rendered":"<p>Conjunto de ba\u00f1o de la colecci\u00f3n LAPLACE, con dise\u00f1o sencillo y elegante que se adapta perfectamente a todos los estilos de ba\u00f1o.<br \/>\nPack compuesto por mueble, lavabo y espejo dise\u00f1o alma.<br \/>\nMueble formado por dos m\u00f3dulos de caj\u00f3n con apertura mediante tirador. M\u00f3dulos independientes que permiten ser colocados al gusto, adapt\u00e1ndose a cualquier espacio. Amplio espacio de almacenamiento.<br \/>\nFabricado en tablero de part\u00edculas de 19 mm con recubrimiento melam\u00ednico y caracter\u00edsticas de superficie \u00f3ptimas, ecol\u00f3gico y reciclable.<br \/>\nColgadores con sistema antidescolgamiento.<br \/>\nCaj\u00f3n met\u00e1lico de doble pared de est\u00e9tica\u00a0minimalista, de\u00a0costillas finas y l\u00edneas rectas, capacidad de carga de\u00a025 kg,\u00a0accesibilidad total y espacio trasero disponible.<br \/>\nCierre amortiguado, para alargar la vida \u00fatil del mueble y evitar golpes y ruidos.<br \/>\nLavabo sobre encimera con acabado met\u00e1lico inoxidable . Resistente y de f\u00e1cil limpieza.<br \/>\nIncluye espejo dise\u00f1o alma<br \/>\nF\u00e1cil instalaci\u00f3n, ya que el mueble se sirve montado, preparado para colgar a la pared. Se incluye kit para la colocaci\u00f3n del mueble.<br \/>\nGrifo y sif\u00f3n no incluidos.<br \/>\nFabricado en Espa\u00f1a.<\/p>\n","protected":false},"excerpt":{"rendered":"<p>Conjunto de ba\u00f1o de la colecci\u00f3n LAPLACE, con dise\u00f1o sencillo y elegante que se adapta perfectamente a todos los estilos de ba\u00f1o. Pack compuesto por mueble, lavabo y espejo dise\u00f1o alma. Mueble formado por dos m\u00f3dulos de caj\u00f3n con apertura mediante tirador. M\u00f3dulos independientes que permiten ser colocados al gusto, adapt\u00e1ndose a cualquier espacio. Amplio &hellip; <a href=\"https:\/\/mapau.es\/fr\/producto\/pack-laplace-lavabo-espejo-capsula-2\/\">Continued<\/a><\/p>\n","protected":false},"featured_media":55483,"comment_status":"open","ping_status":"open","template":"","meta":{"_acf_changed":false},"product_brand":[756],"product_cat":[665],"product_tag":[],"class_list":{"0":"post-54748","1":"product","2":"type-product","3":"status-publish","4":"has-post-thumbnail","6":"product_brand-laplace","7":"product_cat-meubles-de-salle-de-bain-2","9":"first","10":"instock","11":"shipping-taxable","12":"purchasable","13":"product-type-variable"},"acf":[],"_links":{"self":[{"href":"https:\/\/mapau.es\/fr\/wp-json\/wp\/v2\/product\/54748","targetHints":{"allow":["GET"]}}],"collection":[{"href":"https:\/\/mapau.es\/fr\/wp-json\/wp\/v2\/product"}],"about":[{"href":"https:\/\/mapau.es\/fr\/wp-json\/wp\/v2\/types\/product"}],"replies":[{"embeddable":true,"href":"https:\/\/mapau.es\/fr\/wp-json\/wp\/v2\/comments?post=54748"}],"wp:featuredmedia":[{"embeddable":true,"href":"https:\/\/mapau.es\/fr\/wp-json\/wp\/v2\/media\/55483"}],"wp:attachment":[{"href":"https:\/\/mapau.es\/fr\/wp-json\/wp\/v2\/media?parent=54748"}],"wp:term":[{"taxonomy":"product_brand","embeddable":true,"href":"https:\/\/mapau.es\/fr\/wp-json\/wp\/v2\/product_brand?post=54748"},{"taxonomy":"product_cat","embeddable":true,"href":"https:\/\/mapau.es\/fr\/wp-json\/wp\/v2\/product_cat?post=54748"},{"taxonomy":"product_tag","embeddable":true,"href":"https:\/\/mapau.es\/fr\/wp-json\/wp\/v2\/product_tag?post=54748"}],"curies":[{"name":"wp","href":"https:\/\/api.w.org\/{rel}","templated":true}]}}