{"id":54782,"date":"2025-11-28T12:12:30","date_gmt":"2025-11-28T11:12:30","guid":{"rendered":"https:\/\/mapau.es\/producto\/ensemble-de-douche-monomand-tenerife-or-rose-brosse\/"},"modified":"2026-03-30T17:21:30","modified_gmt":"2026-03-30T15:21:30","slug":"ensemble-de-douche-monomand-tenerife-or-rose-brosse","status":"publish","type":"product","link":"https:\/\/mapau.es\/fr\/producto\/ensemble-de-douche-monomand-tenerife-or-rose-brosse\/","title":{"rendered":"ENSEMBLE DE DOUCHE MONOMAND TENERIFE OR ROSE BROSS\u00c9"},"content":{"rendered":"<p>Barre de douche en acier inoxydable S.304 ronde extensible.<br \/>\nFinition rose dor\u00e9 bross\u00e9.<br \/>\nPomme de douche en acier inoxydable S.304 \u00d820 cm, extra-plate et anti-calcaire.<br \/>\nSupport de douchette r\u00e9glable en hauteur.<br \/>\nDouchette ronde \u00e0 1 position.<br \/>\nMitigeur en laiton avec distributeur int\u00e9gr\u00e9.<br \/>\nD\u00e9bit moyen 12 l\/min.<br \/>\nFlexible PVC 1,5 m.<br \/>\nCartouche mitigeur c\u00e9ramique \u00d835 mm.<\/p>\n","protected":false},"excerpt":{"rendered":"<p>Barre de douche en acier inoxydable S.304 ronde extensible. Finition rose dor\u00e9 bross\u00e9. Pomme de douche en acier inoxydable S.304 \u00d820 cm, extra-plate et anti-calcaire. Support de douchette r\u00e9glable en hauteur. Douchette ronde \u00e0 1 position. Mitigeur en laiton avec distributeur int\u00e9gr\u00e9. D\u00e9bit moyen 12 l\/min. Flexible PVC 1,5 m. Cartouche mitigeur c\u00e9ramique \u00d835 mm.<\/p>\n","protected":false},"featured_media":57999,"comment_status":"open","ping_status":"open","template":"","meta":{"_acf_changed":false},"product_brand":[703],"product_cat":[662],"product_tag":[],"class_list":{"0":"post-54782","1":"product","2":"type-product","3":"status-publish","4":"has-post-thumbnail","6":"product_brand-grifos","7":"product_cat-robinets","9":"first","10":"instock","11":"shipping-taxable","12":"purchasable","13":"product-type-simple"},"acf":[],"_links":{"self":[{"href":"https:\/\/mapau.es\/fr\/wp-json\/wp\/v2\/product\/54782","targetHints":{"allow":["GET"]}}],"collection":[{"href":"https:\/\/mapau.es\/fr\/wp-json\/wp\/v2\/product"}],"about":[{"href":"https:\/\/mapau.es\/fr\/wp-json\/wp\/v2\/types\/product"}],"replies":[{"embeddable":true,"href":"https:\/\/mapau.es\/fr\/wp-json\/wp\/v2\/comments?post=54782"}],"wp:featuredmedia":[{"embeddable":true,"href":"https:\/\/mapau.es\/fr\/wp-json\/wp\/v2\/media\/57999"}],"wp:attachment":[{"href":"https:\/\/mapau.es\/fr\/wp-json\/wp\/v2\/media?parent=54782"}],"wp:term":[{"taxonomy":"product_brand","embeddable":true,"href":"https:\/\/mapau.es\/fr\/wp-json\/wp\/v2\/product_brand?post=54782"},{"taxonomy":"product_cat","embeddable":true,"href":"https:\/\/mapau.es\/fr\/wp-json\/wp\/v2\/product_cat?post=54782"},{"taxonomy":"product_tag","embeddable":true,"href":"https:\/\/mapau.es\/fr\/wp-json\/wp\/v2\/product_tag?post=54782"}],"curies":[{"name":"wp","href":"https:\/\/api.w.org\/{rel}","templated":true}]}}