{"id":54786,"date":"2025-11-28T12:12:31","date_gmt":"2025-11-28T11:12:31","guid":{"rendered":"https:\/\/mapau.es\/producto\/robinet-monomand-lavabo-alto-tenerife-or-rose-brosse\/"},"modified":"2026-03-30T17:21:32","modified_gmt":"2026-03-30T15:21:32","slug":"robinet-monomand-lavabo-alto-tenerife-or-rose-brosse","status":"publish","type":"product","link":"https:\/\/mapau.es\/fr\/producto\/robinet-monomand-lavabo-alto-tenerife-or-rose-brosse\/","title":{"rendered":"ROBINET MONOMAND LAVABO ALTO TENERIFE OR ROSE BROSS\u00c9"},"content":{"rendered":"<p>Mitigeur lavabo haut.<br \/>\nCorps de robinetterie en laiton.<br \/>\nFinition or rose bross\u00e9.<br \/>\nCartouche c\u00e9ramique \u00d826 mm TOP.<br \/>\nFlexibles 3\/8&Prime;.<\/p>\n","protected":false},"excerpt":{"rendered":"<p>Mitigeur lavabo haut. Corps de robinetterie en laiton. Finition or rose bross\u00e9. Cartouche c\u00e9ramique \u00d826 mm TOP. Flexibles 3\/8&Prime;.<\/p>\n","protected":false},"featured_media":58001,"comment_status":"open","ping_status":"open","template":"","meta":{"_acf_changed":false},"product_brand":[703],"product_cat":[662],"product_tag":[],"class_list":{"0":"post-54786","1":"product","2":"type-product","3":"status-publish","4":"has-post-thumbnail","6":"product_brand-grifos","7":"product_cat-robinets","9":"first","10":"instock","11":"shipping-taxable","12":"purchasable","13":"product-type-simple"},"acf":[],"_links":{"self":[{"href":"https:\/\/mapau.es\/fr\/wp-json\/wp\/v2\/product\/54786","targetHints":{"allow":["GET"]}}],"collection":[{"href":"https:\/\/mapau.es\/fr\/wp-json\/wp\/v2\/product"}],"about":[{"href":"https:\/\/mapau.es\/fr\/wp-json\/wp\/v2\/types\/product"}],"replies":[{"embeddable":true,"href":"https:\/\/mapau.es\/fr\/wp-json\/wp\/v2\/comments?post=54786"}],"wp:featuredmedia":[{"embeddable":true,"href":"https:\/\/mapau.es\/fr\/wp-json\/wp\/v2\/media\/58001"}],"wp:attachment":[{"href":"https:\/\/mapau.es\/fr\/wp-json\/wp\/v2\/media?parent=54786"}],"wp:term":[{"taxonomy":"product_brand","embeddable":true,"href":"https:\/\/mapau.es\/fr\/wp-json\/wp\/v2\/product_brand?post=54786"},{"taxonomy":"product_cat","embeddable":true,"href":"https:\/\/mapau.es\/fr\/wp-json\/wp\/v2\/product_cat?post=54786"},{"taxonomy":"product_tag","embeddable":true,"href":"https:\/\/mapau.es\/fr\/wp-json\/wp\/v2\/product_tag?post=54786"}],"curies":[{"name":"wp","href":"https:\/\/api.w.org\/{rel}","templated":true}]}}