{"id":54788,"date":"2025-11-28T12:12:31","date_gmt":"2025-11-28T11:12:31","guid":{"rendered":"https:\/\/mapau.es\/producto\/robinet-de-lavabo-embouche-tenerife-or-rose-brosse\/"},"modified":"2026-03-30T17:21:32","modified_gmt":"2026-03-30T15:21:32","slug":"robinet-de-lavabo-embouche-tenerife-or-rose-brosse","status":"publish","type":"product","link":"https:\/\/mapau.es\/fr\/producto\/robinet-de-lavabo-embouche-tenerife-or-rose-brosse\/","title":{"rendered":"ROBINET DE LAVABO EMBOUCH\u00c9  TENERIFE OR ROSE BROSS\u00c9"},"content":{"rendered":"<p>Robinetterie encastr\u00e9e mitigeur.<br \/>\nLaiton finition or rose bross\u00e9.<br \/>\nEn deux parties ind\u00e9pendantes.<br \/>\nCorps encastr\u00e9 directement dans le mur.<br \/>\nSans bo\u00eetier de raccordement.<\/p>\n","protected":false},"excerpt":{"rendered":"<p>Robinetterie encastr\u00e9e mitigeur. Laiton finition or rose bross\u00e9. En deux parties ind\u00e9pendantes. Corps encastr\u00e9 directement dans le mur. Sans bo\u00eetier de raccordement.<\/p>\n","protected":false},"featured_media":58002,"comment_status":"open","ping_status":"open","template":"","meta":{"_acf_changed":false},"product_brand":[703],"product_cat":[662],"product_tag":[],"class_list":{"0":"post-54788","1":"product","2":"type-product","3":"status-publish","4":"has-post-thumbnail","6":"product_brand-grifos","7":"product_cat-robinets","9":"first","10":"instock","11":"shipping-taxable","12":"purchasable","13":"product-type-simple"},"acf":[],"_links":{"self":[{"href":"https:\/\/mapau.es\/fr\/wp-json\/wp\/v2\/product\/54788","targetHints":{"allow":["GET"]}}],"collection":[{"href":"https:\/\/mapau.es\/fr\/wp-json\/wp\/v2\/product"}],"about":[{"href":"https:\/\/mapau.es\/fr\/wp-json\/wp\/v2\/types\/product"}],"replies":[{"embeddable":true,"href":"https:\/\/mapau.es\/fr\/wp-json\/wp\/v2\/comments?post=54788"}],"wp:featuredmedia":[{"embeddable":true,"href":"https:\/\/mapau.es\/fr\/wp-json\/wp\/v2\/media\/58002"}],"wp:attachment":[{"href":"https:\/\/mapau.es\/fr\/wp-json\/wp\/v2\/media?parent=54788"}],"wp:term":[{"taxonomy":"product_brand","embeddable":true,"href":"https:\/\/mapau.es\/fr\/wp-json\/wp\/v2\/product_brand?post=54788"},{"taxonomy":"product_cat","embeddable":true,"href":"https:\/\/mapau.es\/fr\/wp-json\/wp\/v2\/product_cat?post=54788"},{"taxonomy":"product_tag","embeddable":true,"href":"https:\/\/mapau.es\/fr\/wp-json\/wp\/v2\/product_tag?post=54788"}],"curies":[{"name":"wp","href":"https:\/\/api.w.org\/{rel}","templated":true}]}}