{"id":54794,"date":"2025-11-28T12:12:33","date_gmt":"2025-11-28T11:12:33","guid":{"rendered":"https:\/\/mapau.es\/producto\/ensemble-de-douche-monomand-embouche-tenerife-or-brosse\/"},"modified":"2026-03-30T17:21:38","modified_gmt":"2026-03-30T15:21:38","slug":"ensemble-de-douche-monomand-embouche-tenerife-or-brosse","status":"publish","type":"product","link":"https:\/\/mapau.es\/fr\/producto\/ensemble-de-douche-monomand-embouche-tenerife-or-brosse\/","title":{"rendered":"ENSEMBLE DE DOUCHE MONOMAND EMBOUCH\u00c9 TENERIFE OR BROSS\u00c9"},"content":{"rendered":"<p>Pommeau en acier inoxydable S.304 \u00d825 cm, extra-plat, finition chrom\u00e9e et anti-calcaire.<br \/>\nTuyau de sortie mural en laiton finition or bross\u00e9.<br \/>\nPoign\u00e9e de douche ronde \u00e0 1 position.<br \/>\nMitigeur en laiton finition chrom\u00e9e \u00e0 2 voies.<br \/>\nD\u00e9bit moyen 20 l\/min.<br \/>\nDistributeur rond en laiton.<br \/>\nFlexible PVC 1,5 m.<br \/>\nCartouche mitigeur \u00d835 mm.<br \/>\nSupport de douchette avec sortie d&rsquo;eau murale.<br \/>\nCorps encastr\u00e9 directement dans le mur. Avec bo\u00eetier de raccordement.<\/p>\n","protected":false},"excerpt":{"rendered":"<p>Pommeau en acier inoxydable S.304 \u00d825 cm, extra-plat, finition chrom\u00e9e et anti-calcaire. Tuyau de sortie mural en laiton finition or bross\u00e9. Poign\u00e9e de douche ronde \u00e0 1 position. Mitigeur en laiton finition chrom\u00e9e \u00e0 2 voies. D\u00e9bit moyen 20 l\/min. Distributeur rond en laiton. Flexible PVC 1,5 m. Cartouche mitigeur \u00d835 mm. Support de douchette &hellip; <a href=\"https:\/\/mapau.es\/fr\/producto\/ensemble-de-douche-monomand-embouche-tenerife-or-brosse\/\">Continued<\/a><\/p>\n","protected":false},"featured_media":58005,"comment_status":"open","ping_status":"open","template":"","meta":{"_acf_changed":false},"product_brand":[703],"product_cat":[662],"product_tag":[],"class_list":{"0":"post-54794","1":"product","2":"type-product","3":"status-publish","4":"has-post-thumbnail","6":"product_brand-grifos","7":"product_cat-robinets","9":"first","10":"instock","11":"shipping-taxable","12":"purchasable","13":"product-type-simple"},"acf":[],"_links":{"self":[{"href":"https:\/\/mapau.es\/fr\/wp-json\/wp\/v2\/product\/54794","targetHints":{"allow":["GET"]}}],"collection":[{"href":"https:\/\/mapau.es\/fr\/wp-json\/wp\/v2\/product"}],"about":[{"href":"https:\/\/mapau.es\/fr\/wp-json\/wp\/v2\/types\/product"}],"replies":[{"embeddable":true,"href":"https:\/\/mapau.es\/fr\/wp-json\/wp\/v2\/comments?post=54794"}],"wp:featuredmedia":[{"embeddable":true,"href":"https:\/\/mapau.es\/fr\/wp-json\/wp\/v2\/media\/58005"}],"wp:attachment":[{"href":"https:\/\/mapau.es\/fr\/wp-json\/wp\/v2\/media?parent=54794"}],"wp:term":[{"taxonomy":"product_brand","embeddable":true,"href":"https:\/\/mapau.es\/fr\/wp-json\/wp\/v2\/product_brand?post=54794"},{"taxonomy":"product_cat","embeddable":true,"href":"https:\/\/mapau.es\/fr\/wp-json\/wp\/v2\/product_cat?post=54794"},{"taxonomy":"product_tag","embeddable":true,"href":"https:\/\/mapau.es\/fr\/wp-json\/wp\/v2\/product_tag?post=54794"}],"curies":[{"name":"wp","href":"https:\/\/api.w.org\/{rel}","templated":true}]}}