{"id":54806,"date":"2025-11-28T12:12:35","date_gmt":"2025-11-28T11:12:35","guid":{"rendered":"https:\/\/mapau.es\/producto\/ensemble-de-douche-monomand-formentera-noir-mat\/"},"modified":"2026-03-30T17:21:41","modified_gmt":"2026-03-30T15:21:41","slug":"ensemble-de-douche-monomand-formentera-noir-mat","status":"publish","type":"product","link":"https:\/\/mapau.es\/fr\/producto\/ensemble-de-douche-monomand-formentera-noir-mat\/","title":{"rendered":"ENSEMBLE DE DOUCHE MONOMAND FORMENTERA NOIR MAT"},"content":{"rendered":"<p>Barre de douche en acier inoxydable S.304 ronde extensible, finition noir mat.<br \/>\nPomme de douche en acier inoxydable S.304 \u00d820 cm, extra-plate, finition noir mat et<br \/>\nanti-calcaire.<br \/>\nSupport de douchette r\u00e9glable en hauteur, finition noir mat.<br \/>\nDouchette ronde \u00e0 3 positions, finition noir mat.<br \/>\nMitigeur en laiton, finition noir mat.<br \/>\nDistributeur rond en laiton, finition noir mat.<br \/>\nD\u00e9bit moyen 12 l\/min.<br \/>\nFlexible PVC 1,5 m.<br \/>\nCartouche mitigeur c\u00e9ramique \u00d835 mm.<\/p>\n","protected":false},"excerpt":{"rendered":"<p>Barre de douche en acier inoxydable S.304 ronde extensible, finition noir mat. Pomme de douche en acier inoxydable S.304 \u00d820 cm, extra-plate, finition noir mat et anti-calcaire. Support de douchette r\u00e9glable en hauteur, finition noir mat. Douchette ronde \u00e0 3 positions, finition noir mat. Mitigeur en laiton, finition noir mat. Distributeur rond en laiton, finition &hellip; <a href=\"https:\/\/mapau.es\/fr\/producto\/ensemble-de-douche-monomand-formentera-noir-mat\/\">Continued<\/a><\/p>\n","protected":false},"featured_media":58011,"comment_status":"open","ping_status":"open","template":"","meta":{"_acf_changed":false},"product_brand":[703],"product_cat":[662],"product_tag":[],"class_list":{"0":"post-54806","1":"product","2":"type-product","3":"status-publish","4":"has-post-thumbnail","6":"product_brand-grifos","7":"product_cat-robinets","9":"first","10":"instock","11":"shipping-taxable","12":"purchasable","13":"product-type-simple"},"acf":[],"_links":{"self":[{"href":"https:\/\/mapau.es\/fr\/wp-json\/wp\/v2\/product\/54806","targetHints":{"allow":["GET"]}}],"collection":[{"href":"https:\/\/mapau.es\/fr\/wp-json\/wp\/v2\/product"}],"about":[{"href":"https:\/\/mapau.es\/fr\/wp-json\/wp\/v2\/types\/product"}],"replies":[{"embeddable":true,"href":"https:\/\/mapau.es\/fr\/wp-json\/wp\/v2\/comments?post=54806"}],"wp:featuredmedia":[{"embeddable":true,"href":"https:\/\/mapau.es\/fr\/wp-json\/wp\/v2\/media\/58011"}],"wp:attachment":[{"href":"https:\/\/mapau.es\/fr\/wp-json\/wp\/v2\/media?parent=54806"}],"wp:term":[{"taxonomy":"product_brand","embeddable":true,"href":"https:\/\/mapau.es\/fr\/wp-json\/wp\/v2\/product_brand?post=54806"},{"taxonomy":"product_cat","embeddable":true,"href":"https:\/\/mapau.es\/fr\/wp-json\/wp\/v2\/product_cat?post=54806"},{"taxonomy":"product_tag","embeddable":true,"href":"https:\/\/mapau.es\/fr\/wp-json\/wp\/v2\/product_tag?post=54806"}],"curies":[{"name":"wp","href":"https:\/\/api.w.org\/{rel}","templated":true}]}}