{"id":54820,"date":"2025-11-28T12:12:39","date_gmt":"2025-11-28T11:12:39","guid":{"rendered":"https:\/\/mapau.es\/producto\/kit-de-douche-monomand-formentera-or-brosse\/"},"modified":"2026-03-30T17:21:49","modified_gmt":"2026-03-30T15:21:49","slug":"kit-de-douche-monomand-formentera-or-brosse","status":"publish","type":"product","link":"https:\/\/mapau.es\/fr\/producto\/kit-de-douche-monomand-formentera-or-brosse\/","title":{"rendered":"KIT DE DOUCHE MONOMAND FORMENTERA OR BROSS\u00c9"},"content":{"rendered":"<p>Robinetterie de douche en laiton.<br \/>\nFinition dor\u00e9e bross\u00e9e.<br \/>\nSupport pour pommeau de douche en ABS.<br \/>\nPommeau de douche rond \u00e0 1 position.<br \/>\nFlexible PVC 1,80 m.<br \/>\nD\u00e9bit moyen 12 l\/min.<br \/>\nCartouche monocommande en c\u00e9ramique \u00d835 mm.<\/p>\n","protected":false},"excerpt":{"rendered":"<p>Robinetterie de douche en laiton. Finition dor\u00e9e bross\u00e9e. Support pour pommeau de douche en ABS. Pommeau de douche rond \u00e0 1 position. Flexible PVC 1,80 m. D\u00e9bit moyen 12 l\/min. Cartouche monocommande en c\u00e9ramique \u00d835 mm.<\/p>\n","protected":false},"featured_media":58018,"comment_status":"open","ping_status":"open","template":"","meta":{"_acf_changed":false},"product_brand":[703],"product_cat":[662],"product_tag":[],"class_list":{"0":"post-54820","1":"product","2":"type-product","3":"status-publish","4":"has-post-thumbnail","6":"product_brand-grifos","7":"product_cat-robinets","9":"first","10":"instock","11":"shipping-taxable","12":"purchasable","13":"product-type-simple"},"acf":[],"_links":{"self":[{"href":"https:\/\/mapau.es\/fr\/wp-json\/wp\/v2\/product\/54820","targetHints":{"allow":["GET"]}}],"collection":[{"href":"https:\/\/mapau.es\/fr\/wp-json\/wp\/v2\/product"}],"about":[{"href":"https:\/\/mapau.es\/fr\/wp-json\/wp\/v2\/types\/product"}],"replies":[{"embeddable":true,"href":"https:\/\/mapau.es\/fr\/wp-json\/wp\/v2\/comments?post=54820"}],"wp:featuredmedia":[{"embeddable":true,"href":"https:\/\/mapau.es\/fr\/wp-json\/wp\/v2\/media\/58018"}],"wp:attachment":[{"href":"https:\/\/mapau.es\/fr\/wp-json\/wp\/v2\/media?parent=54820"}],"wp:term":[{"taxonomy":"product_brand","embeddable":true,"href":"https:\/\/mapau.es\/fr\/wp-json\/wp\/v2\/product_brand?post=54820"},{"taxonomy":"product_cat","embeddable":true,"href":"https:\/\/mapau.es\/fr\/wp-json\/wp\/v2\/product_cat?post=54820"},{"taxonomy":"product_tag","embeddable":true,"href":"https:\/\/mapau.es\/fr\/wp-json\/wp\/v2\/product_tag?post=54820"}],"curies":[{"name":"wp","href":"https:\/\/api.w.org\/{rel}","templated":true}]}}