{"id":54832,"date":"2025-11-28T12:12:43","date_gmt":"2025-11-28T11:12:43","guid":{"rendered":"https:\/\/mapau.es\/producto\/robinet-embouche-bidet-feroe-noir-mat\/"},"modified":"2026-03-30T17:21:52","modified_gmt":"2026-03-30T15:21:52","slug":"robinet-embouche-bidet-feroe-noir-mat","status":"publish","type":"product","link":"https:\/\/mapau.es\/fr\/producto\/robinet-embouche-bidet-feroe-noir-mat\/","title":{"rendered":"ROBINET EMBOUCH\u00c9 BIDET FEROE NOIR MAT"},"content":{"rendered":"<p>Robinetterie ronde encastr\u00e9e pour bidet.<br \/>\nLaiton finition noir mat.<br \/>\nEau froide et chaude.<br \/>\nPoign\u00e9e \u00e0 1 position.<br \/>\nFlexible en PVC.<br \/>\nCorps encastr\u00e9 directement dans le mur.<br \/>\nSans bo\u00eetier de raccordement.<br \/>\nComprend un bouchon pr\u00e9-mont\u00e9 haute r\u00e9sistance.<\/p>\n","protected":false},"excerpt":{"rendered":"<p>Robinetterie ronde encastr\u00e9e pour bidet. Laiton finition noir mat. Eau froide et chaude. Poign\u00e9e \u00e0 1 position. Flexible en PVC. Corps encastr\u00e9 directement dans le mur. Sans bo\u00eetier de raccordement. Comprend un bouchon pr\u00e9-mont\u00e9 haute r\u00e9sistance.<\/p>\n","protected":false},"featured_media":58024,"comment_status":"open","ping_status":"open","template":"","meta":{"_acf_changed":false},"product_brand":[703],"product_cat":[662],"product_tag":[],"class_list":{"0":"post-54832","1":"product","2":"type-product","3":"status-publish","4":"has-post-thumbnail","6":"product_brand-grifos","7":"product_cat-robinets","9":"first","10":"instock","11":"shipping-taxable","12":"purchasable","13":"product-type-simple"},"acf":[],"_links":{"self":[{"href":"https:\/\/mapau.es\/fr\/wp-json\/wp\/v2\/product\/54832","targetHints":{"allow":["GET"]}}],"collection":[{"href":"https:\/\/mapau.es\/fr\/wp-json\/wp\/v2\/product"}],"about":[{"href":"https:\/\/mapau.es\/fr\/wp-json\/wp\/v2\/types\/product"}],"replies":[{"embeddable":true,"href":"https:\/\/mapau.es\/fr\/wp-json\/wp\/v2\/comments?post=54832"}],"wp:featuredmedia":[{"embeddable":true,"href":"https:\/\/mapau.es\/fr\/wp-json\/wp\/v2\/media\/58024"}],"wp:attachment":[{"href":"https:\/\/mapau.es\/fr\/wp-json\/wp\/v2\/media?parent=54832"}],"wp:term":[{"taxonomy":"product_brand","embeddable":true,"href":"https:\/\/mapau.es\/fr\/wp-json\/wp\/v2\/product_brand?post=54832"},{"taxonomy":"product_cat","embeddable":true,"href":"https:\/\/mapau.es\/fr\/wp-json\/wp\/v2\/product_cat?post=54832"},{"taxonomy":"product_tag","embeddable":true,"href":"https:\/\/mapau.es\/fr\/wp-json\/wp\/v2\/product_tag?post=54832"}],"curies":[{"name":"wp","href":"https:\/\/api.w.org\/{rel}","templated":true}]}}