{"id":54840,"date":"2025-11-28T12:12:45","date_gmt":"2025-11-28T11:12:45","guid":{"rendered":"https:\/\/mapau.es\/producto\/pack-accessoires-set-bali-porte-serviettes-porte-rouleau-double-crochet-noir-mat\/"},"modified":"2026-03-30T17:21:58","modified_gmt":"2026-03-30T15:21:58","slug":"pack-accessoires-set-bali-porte-serviettes-porte-rouleau-double-crochet-noir-mat","status":"publish","type":"product","link":"https:\/\/mapau.es\/fr\/producto\/pack-accessoires-set-bali-porte-serviettes-porte-rouleau-double-crochet-noir-mat\/","title":{"rendered":"Pack accessoires SET BALI porte-serviettes + porte-rouleau + double crochet noir mat"},"content":{"rendered":"<p>Pack d&rsquo;accessoires de la collection BALI. Le pack comprend un porte-serviettes, un porte-rouleau et deux crochets en finition noir mat.<br \/>\nPorte-serviettes : syst\u00e8me d&rsquo;installation viss\u00e9. Dos en acier inoxydable AISI 304. Support en zamak inject\u00e9 5. Tube en acier inoxydable \u00d816 x 0,5 mm d&rsquo;\u00e9paisseur. Bouchons en ABS. Dimensions : 45 cm x 5 cm.<br \/>\nPorte-rouleau : syst\u00e8me d&rsquo;installation viss\u00e9. Dos mural en acier inoxydable AISI 304. Support en zamak 5. Tige en acier inoxydable \u00d816 mm. Visserie d&rsquo;assemblage en acier inoxydable. Dimensions : 13,6 cm x 5 cm.<br \/>\nCintre : syst\u00e8me d&rsquo;installation viss\u00e9. Dos mural en acier inoxydable AISI 304. Support en zamak 5. Visserie d&rsquo;assemblage en acier inoxydable. Dimensions : 4,7 cm x 5 cm.<br \/>\nToujours nettoyer avec un chiffon humidifi\u00e9 \u00e0 l&rsquo;eau, puis s\u00e9cher. Ne pas utiliser de produits ou d&rsquo;\u00e9ponges abrasifs qui pourraient endommager la surface.<\/p>\n","protected":false},"excerpt":{"rendered":"<p>Pack d&rsquo;accessoires de la collection BALI. Le pack comprend un porte-serviettes, un porte-rouleau et deux crochets en finition noir mat. Porte-serviettes : syst\u00e8me d&rsquo;installation viss\u00e9. Dos en acier inoxydable AISI 304. Support en zamak inject\u00e9 5. Tube en acier inoxydable \u00d816 x 0,5 mm d&rsquo;\u00e9paisseur. Bouchons en ABS. Dimensions : 45 cm x 5 cm. &hellip; <a href=\"https:\/\/mapau.es\/fr\/producto\/pack-accessoires-set-bali-porte-serviettes-porte-rouleau-double-crochet-noir-mat\/\">Continued<\/a><\/p>\n","protected":false},"featured_media":58028,"comment_status":"open","ping_status":"open","template":"","meta":{"_acf_changed":false},"product_brand":[686],"product_cat":[660],"product_tag":[],"class_list":{"0":"post-54840","1":"product","2":"type-product","3":"status-publish","4":"has-post-thumbnail","6":"product_brand-accesorios","7":"product_cat-accessoires","9":"first","10":"instock","11":"shipping-taxable","12":"purchasable","13":"product-type-simple"},"acf":[],"_links":{"self":[{"href":"https:\/\/mapau.es\/fr\/wp-json\/wp\/v2\/product\/54840","targetHints":{"allow":["GET"]}}],"collection":[{"href":"https:\/\/mapau.es\/fr\/wp-json\/wp\/v2\/product"}],"about":[{"href":"https:\/\/mapau.es\/fr\/wp-json\/wp\/v2\/types\/product"}],"replies":[{"embeddable":true,"href":"https:\/\/mapau.es\/fr\/wp-json\/wp\/v2\/comments?post=54840"}],"wp:featuredmedia":[{"embeddable":true,"href":"https:\/\/mapau.es\/fr\/wp-json\/wp\/v2\/media\/58028"}],"wp:attachment":[{"href":"https:\/\/mapau.es\/fr\/wp-json\/wp\/v2\/media?parent=54840"}],"wp:term":[{"taxonomy":"product_brand","embeddable":true,"href":"https:\/\/mapau.es\/fr\/wp-json\/wp\/v2\/product_brand?post=54840"},{"taxonomy":"product_cat","embeddable":true,"href":"https:\/\/mapau.es\/fr\/wp-json\/wp\/v2\/product_cat?post=54840"},{"taxonomy":"product_tag","embeddable":true,"href":"https:\/\/mapau.es\/fr\/wp-json\/wp\/v2\/product_tag?post=54840"}],"curies":[{"name":"wp","href":"https:\/\/api.w.org\/{rel}","templated":true}]}}