{"id":54842,"date":"2025-11-28T12:12:46","date_gmt":"2025-11-28T11:12:46","guid":{"rendered":"https:\/\/mapau.es\/producto\/valve-click-clack-pvd-or-rose-brosse\/"},"modified":"2026-03-30T17:21:59","modified_gmt":"2026-03-30T15:21:59","slug":"valve-click-clack-pvd-or-rose-brosse","status":"publish","type":"product","link":"https:\/\/mapau.es\/fr\/producto\/valve-click-clack-pvd-or-rose-brosse\/","title":{"rendered":"VALVE CLICK-CLACK PVD OR ROSE BROSS\u00c9"},"content":{"rendered":"<p>Valve Click-clack en or rose bross\u00e9. Convient \u00e0 tous les lavabos et bidets, avec ou sans trop-plein.<br \/>\nSyst\u00e8me d&rsquo;ouverture\/fermeture garanti pour 20 000 cycles d&rsquo;utilisation.<br \/>\nFiletage inf\u00e9rieur de \u00d81 \u00bc\u00a0\u00bb.<br \/>\nFabriqu\u00e9 en laiton et zamak.<br \/>\nFinition PVD or rose bross\u00e9.<br \/>\nMontage rapide et facile.<\/p>\n","protected":false},"excerpt":{"rendered":"<p>Valve Click-clack en or rose bross\u00e9. Convient \u00e0 tous les lavabos et bidets, avec ou sans trop-plein. Syst\u00e8me d&rsquo;ouverture\/fermeture garanti pour 20 000 cycles d&rsquo;utilisation. Filetage inf\u00e9rieur de \u00d81 \u00bc\u00a0\u00bb. Fabriqu\u00e9 en laiton et zamak. Finition PVD or rose bross\u00e9. Montage rapide et facile.<\/p>\n","protected":false},"featured_media":0,"comment_status":"open","ping_status":"open","template":"","meta":{"_acf_changed":false},"product_brand":[686],"product_cat":[660],"product_tag":[],"class_list":{"0":"post-54842","1":"product","2":"type-product","3":"status-publish","5":"product_brand-accesorios","6":"product_cat-accessoires","8":"first","9":"instock","10":"shipping-taxable","11":"purchasable","12":"product-type-simple"},"acf":[],"_links":{"self":[{"href":"https:\/\/mapau.es\/fr\/wp-json\/wp\/v2\/product\/54842","targetHints":{"allow":["GET"]}}],"collection":[{"href":"https:\/\/mapau.es\/fr\/wp-json\/wp\/v2\/product"}],"about":[{"href":"https:\/\/mapau.es\/fr\/wp-json\/wp\/v2\/types\/product"}],"replies":[{"embeddable":true,"href":"https:\/\/mapau.es\/fr\/wp-json\/wp\/v2\/comments?post=54842"}],"wp:attachment":[{"href":"https:\/\/mapau.es\/fr\/wp-json\/wp\/v2\/media?parent=54842"}],"wp:term":[{"taxonomy":"product_brand","embeddable":true,"href":"https:\/\/mapau.es\/fr\/wp-json\/wp\/v2\/product_brand?post=54842"},{"taxonomy":"product_cat","embeddable":true,"href":"https:\/\/mapau.es\/fr\/wp-json\/wp\/v2\/product_cat?post=54842"},{"taxonomy":"product_tag","embeddable":true,"href":"https:\/\/mapau.es\/fr\/wp-json\/wp\/v2\/product_tag?post=54842"}],"curies":[{"name":"wp","href":"https:\/\/api.w.org\/{rel}","templated":true}]}}