{"id":54846,"date":"2025-11-28T12:12:47","date_gmt":"2025-11-28T11:12:47","guid":{"rendered":"https:\/\/mapau.es\/producto\/porte-serviettes-capri-50cm-or-rose-brosse\/"},"modified":"2026-03-30T17:22:00","modified_gmt":"2026-03-30T15:22:00","slug":"porte-serviettes-capri-50cm-or-rose-brosse","status":"publish","type":"product","link":"https:\/\/mapau.es\/fr\/producto\/porte-serviettes-capri-50cm-or-rose-brosse\/","title":{"rendered":"PORTE-SERVIETTES CAPRI 50CM OR ROSE BROSS\u00c9"},"content":{"rendered":"<p>Porte-serviettes de 50 cm avec finition en or rose bross\u00e9 de haute qualit\u00e9, qui ajoute une touche de sophistication et de durabilit\u00e9 \u00e0 toute salle de bains. \u00c9quip\u00e9 d&rsquo;un syst\u00e8me pratique \u00e0 double fixation, il peut \u00eatre install\u00e9 \u00e0 l&rsquo;aide d&rsquo;adh\u00e9sif ou de vis, s&rsquo;adaptant ainsi \u00e0 divers besoins et garantissant une s\u00e9curit\u00e9 et une stabilit\u00e9 maximales.<\/p>\n","protected":false},"excerpt":{"rendered":"<p>Porte-serviettes de 50 cm avec finition en or rose bross\u00e9 de haute qualit\u00e9, qui ajoute une touche de sophistication et de durabilit\u00e9 \u00e0 toute salle de bains. \u00c9quip\u00e9 d&rsquo;un syst\u00e8me pratique \u00e0 double fixation, il peut \u00eatre install\u00e9 \u00e0 l&rsquo;aide d&rsquo;adh\u00e9sif ou de vis, s&rsquo;adaptant ainsi \u00e0 divers besoins et garantissant une s\u00e9curit\u00e9 et une &hellip; <a href=\"https:\/\/mapau.es\/fr\/producto\/porte-serviettes-capri-50cm-or-rose-brosse\/\">Continued<\/a><\/p>\n","protected":false},"featured_media":58030,"comment_status":"open","ping_status":"open","template":"","meta":{"_acf_changed":false},"product_brand":[686],"product_cat":[660],"product_tag":[],"class_list":{"0":"post-54846","1":"product","2":"type-product","3":"status-publish","4":"has-post-thumbnail","6":"product_brand-accesorios","7":"product_cat-accessoires","9":"first","10":"instock","11":"shipping-taxable","12":"purchasable","13":"product-type-simple"},"acf":[],"_links":{"self":[{"href":"https:\/\/mapau.es\/fr\/wp-json\/wp\/v2\/product\/54846","targetHints":{"allow":["GET"]}}],"collection":[{"href":"https:\/\/mapau.es\/fr\/wp-json\/wp\/v2\/product"}],"about":[{"href":"https:\/\/mapau.es\/fr\/wp-json\/wp\/v2\/types\/product"}],"replies":[{"embeddable":true,"href":"https:\/\/mapau.es\/fr\/wp-json\/wp\/v2\/comments?post=54846"}],"wp:featuredmedia":[{"embeddable":true,"href":"https:\/\/mapau.es\/fr\/wp-json\/wp\/v2\/media\/58030"}],"wp:attachment":[{"href":"https:\/\/mapau.es\/fr\/wp-json\/wp\/v2\/media?parent=54846"}],"wp:term":[{"taxonomy":"product_brand","embeddable":true,"href":"https:\/\/mapau.es\/fr\/wp-json\/wp\/v2\/product_brand?post=54846"},{"taxonomy":"product_cat","embeddable":true,"href":"https:\/\/mapau.es\/fr\/wp-json\/wp\/v2\/product_cat?post=54846"},{"taxonomy":"product_tag","embeddable":true,"href":"https:\/\/mapau.es\/fr\/wp-json\/wp\/v2\/product_tag?post=54846"}],"curies":[{"name":"wp","href":"https:\/\/api.w.org\/{rel}","templated":true}]}}