{"id":54848,"date":"2025-11-28T12:12:47","date_gmt":"2025-11-28T11:12:47","guid":{"rendered":"https:\/\/mapau.es\/producto\/porte-serviettes-capri-multiple-or-rose-brosse\/"},"modified":"2026-03-30T17:22:01","modified_gmt":"2026-03-30T15:22:01","slug":"porte-serviettes-capri-multiple-or-rose-brosse","status":"publish","type":"product","link":"https:\/\/mapau.es\/fr\/producto\/porte-serviettes-capri-multiple-or-rose-brosse\/","title":{"rendered":"PORTE-SERVIETTES CAPRI M\u00daLTIPLE OR ROSE BROSS\u00c9"},"content":{"rendered":"<p>Porte-serviettes multiple avec finition en or rose bross\u00e9 de haute qualit\u00e9, con\u00e7u pour allier fonctionnalit\u00e9 et style dans n&rsquo;importe quelle salle de bains. Il comprend un syst\u00e8me de fixation double polyvalent (adh\u00e9sif ou viss\u00e9), garantissant une installation s\u00fbre et adapt\u00e9e \u00e0 divers besoins.<\/p>\n","protected":false},"excerpt":{"rendered":"<p>Porte-serviettes multiple avec finition en or rose bross\u00e9 de haute qualit\u00e9, con\u00e7u pour allier fonctionnalit\u00e9 et style dans n&rsquo;importe quelle salle de bains. Il comprend un syst\u00e8me de fixation double polyvalent (adh\u00e9sif ou viss\u00e9), garantissant une installation s\u00fbre et adapt\u00e9e \u00e0 divers besoins.<\/p>\n","protected":false},"featured_media":58031,"comment_status":"open","ping_status":"open","template":"","meta":{"_acf_changed":false},"product_brand":[686],"product_cat":[660],"product_tag":[],"class_list":{"0":"post-54848","1":"product","2":"type-product","3":"status-publish","4":"has-post-thumbnail","6":"product_brand-accesorios","7":"product_cat-accessoires","9":"first","10":"instock","11":"shipping-taxable","12":"purchasable","13":"product-type-simple"},"acf":[],"_links":{"self":[{"href":"https:\/\/mapau.es\/fr\/wp-json\/wp\/v2\/product\/54848","targetHints":{"allow":["GET"]}}],"collection":[{"href":"https:\/\/mapau.es\/fr\/wp-json\/wp\/v2\/product"}],"about":[{"href":"https:\/\/mapau.es\/fr\/wp-json\/wp\/v2\/types\/product"}],"replies":[{"embeddable":true,"href":"https:\/\/mapau.es\/fr\/wp-json\/wp\/v2\/comments?post=54848"}],"wp:featuredmedia":[{"embeddable":true,"href":"https:\/\/mapau.es\/fr\/wp-json\/wp\/v2\/media\/58031"}],"wp:attachment":[{"href":"https:\/\/mapau.es\/fr\/wp-json\/wp\/v2\/media?parent=54848"}],"wp:term":[{"taxonomy":"product_brand","embeddable":true,"href":"https:\/\/mapau.es\/fr\/wp-json\/wp\/v2\/product_brand?post=54848"},{"taxonomy":"product_cat","embeddable":true,"href":"https:\/\/mapau.es\/fr\/wp-json\/wp\/v2\/product_cat?post=54848"},{"taxonomy":"product_tag","embeddable":true,"href":"https:\/\/mapau.es\/fr\/wp-json\/wp\/v2\/product_tag?post=54848"}],"curies":[{"name":"wp","href":"https:\/\/api.w.org\/{rel}","templated":true}]}}