{"id":54850,"date":"2025-11-28T12:12:48","date_gmt":"2025-11-28T11:12:48","guid":{"rendered":"https:\/\/mapau.es\/producto\/cintre-capri-or-rose-brosse\/"},"modified":"2026-03-30T17:22:01","modified_gmt":"2026-03-30T15:22:01","slug":"cintre-capri-or-rose-brosse","status":"publish","type":"product","link":"https:\/\/mapau.es\/fr\/producto\/cintre-capri-or-rose-brosse\/","title":{"rendered":"CINTRE CAPRI OR ROSE BROSS\u00c9"},"content":{"rendered":"<p>Cintre en acier inoxydable avec une finition rose dor\u00e9 bross\u00e9 de haute qualit\u00e9, au design moderne et r\u00e9sistant qui apporte durabilit\u00e9 et \u00e9l\u00e9gance \u00e0 n&rsquo;importe quel espace. Il dispose d&rsquo;un syst\u00e8me de double fixation (collage\/vissage) qui garantit une installation s\u00fbre et polyvalente, s&rsquo;adaptant \u00e0 diff\u00e9rents besoins.<\/p>\n","protected":false},"excerpt":{"rendered":"<p>Cintre en acier inoxydable avec une finition rose dor\u00e9 bross\u00e9 de haute qualit\u00e9, au design moderne et r\u00e9sistant qui apporte durabilit\u00e9 et \u00e9l\u00e9gance \u00e0 n&rsquo;importe quel espace. Il dispose d&rsquo;un syst\u00e8me de double fixation (collage\/vissage) qui garantit une installation s\u00fbre et polyvalente, s&rsquo;adaptant \u00e0 diff\u00e9rents besoins.<\/p>\n","protected":false},"featured_media":58032,"comment_status":"open","ping_status":"open","template":"","meta":{"_acf_changed":false},"product_brand":[686],"product_cat":[660],"product_tag":[],"class_list":{"0":"post-54850","1":"product","2":"type-product","3":"status-publish","4":"has-post-thumbnail","6":"product_brand-accesorios","7":"product_cat-accessoires","9":"first","10":"instock","11":"shipping-taxable","12":"purchasable","13":"product-type-simple"},"acf":[],"_links":{"self":[{"href":"https:\/\/mapau.es\/fr\/wp-json\/wp\/v2\/product\/54850","targetHints":{"allow":["GET"]}}],"collection":[{"href":"https:\/\/mapau.es\/fr\/wp-json\/wp\/v2\/product"}],"about":[{"href":"https:\/\/mapau.es\/fr\/wp-json\/wp\/v2\/types\/product"}],"replies":[{"embeddable":true,"href":"https:\/\/mapau.es\/fr\/wp-json\/wp\/v2\/comments?post=54850"}],"wp:featuredmedia":[{"embeddable":true,"href":"https:\/\/mapau.es\/fr\/wp-json\/wp\/v2\/media\/58032"}],"wp:attachment":[{"href":"https:\/\/mapau.es\/fr\/wp-json\/wp\/v2\/media?parent=54850"}],"wp:term":[{"taxonomy":"product_brand","embeddable":true,"href":"https:\/\/mapau.es\/fr\/wp-json\/wp\/v2\/product_brand?post=54850"},{"taxonomy":"product_cat","embeddable":true,"href":"https:\/\/mapau.es\/fr\/wp-json\/wp\/v2\/product_cat?post=54850"},{"taxonomy":"product_tag","embeddable":true,"href":"https:\/\/mapau.es\/fr\/wp-json\/wp\/v2\/product_tag?post=54850"}],"curies":[{"name":"wp","href":"https:\/\/api.w.org\/{rel}","templated":true}]}}