{"id":54852,"date":"2025-11-28T12:12:48","date_gmt":"2025-11-28T11:12:48","guid":{"rendered":"https:\/\/mapau.es\/producto\/porte-rouleau-capri-or-rose-brosse\/"},"modified":"2026-03-30T17:22:02","modified_gmt":"2026-03-30T15:22:02","slug":"porte-rouleau-capri-or-rose-brosse","status":"publish","type":"product","link":"https:\/\/mapau.es\/fr\/producto\/porte-rouleau-capri-or-rose-brosse\/","title":{"rendered":"PORTE-ROULEAU CAPRI OR ROSE BROSS\u00c9"},"content":{"rendered":"<p>Porte-rouleau de la s\u00e9rie Capri avec finition en or rose bross\u00e9, fabriqu\u00e9 en acier inoxydable de haute qualit\u00e9. Il comprend un syst\u00e8me pratique \u00e0 double fixation (collage\/vissage) qui garantit une installation s\u00fbre et adaptable \u00e0 diff\u00e9rents besoins.<\/p>\n","protected":false},"excerpt":{"rendered":"<p>Porte-rouleau de la s\u00e9rie Capri avec finition en or rose bross\u00e9, fabriqu\u00e9 en acier inoxydable de haute qualit\u00e9. Il comprend un syst\u00e8me pratique \u00e0 double fixation (collage\/vissage) qui garantit une installation s\u00fbre et adaptable \u00e0 diff\u00e9rents besoins.<\/p>\n","protected":false},"featured_media":58033,"comment_status":"open","ping_status":"open","template":"","meta":{"_acf_changed":false},"product_brand":[686],"product_cat":[660],"product_tag":[],"class_list":{"0":"post-54852","1":"product","2":"type-product","3":"status-publish","4":"has-post-thumbnail","6":"product_brand-accesorios","7":"product_cat-accessoires","9":"first","10":"instock","11":"shipping-taxable","12":"purchasable","13":"product-type-simple"},"acf":[],"_links":{"self":[{"href":"https:\/\/mapau.es\/fr\/wp-json\/wp\/v2\/product\/54852","targetHints":{"allow":["GET"]}}],"collection":[{"href":"https:\/\/mapau.es\/fr\/wp-json\/wp\/v2\/product"}],"about":[{"href":"https:\/\/mapau.es\/fr\/wp-json\/wp\/v2\/types\/product"}],"replies":[{"embeddable":true,"href":"https:\/\/mapau.es\/fr\/wp-json\/wp\/v2\/comments?post=54852"}],"wp:featuredmedia":[{"embeddable":true,"href":"https:\/\/mapau.es\/fr\/wp-json\/wp\/v2\/media\/58033"}],"wp:attachment":[{"href":"https:\/\/mapau.es\/fr\/wp-json\/wp\/v2\/media?parent=54852"}],"wp:term":[{"taxonomy":"product_brand","embeddable":true,"href":"https:\/\/mapau.es\/fr\/wp-json\/wp\/v2\/product_brand?post=54852"},{"taxonomy":"product_cat","embeddable":true,"href":"https:\/\/mapau.es\/fr\/wp-json\/wp\/v2\/product_cat?post=54852"},{"taxonomy":"product_tag","embeddable":true,"href":"https:\/\/mapau.es\/fr\/wp-json\/wp\/v2\/product_tag?post=54852"}],"curies":[{"name":"wp","href":"https:\/\/api.w.org\/{rel}","templated":true}]}}