{"id":54858,"date":"2025-11-28T12:12:50","date_gmt":"2025-11-28T11:12:50","guid":{"rendered":"https:\/\/mapau.es\/producto\/barre-porte-serviettes-interieure-pour-meuble-or-rose-brosse\/"},"modified":"2026-03-30T17:22:07","modified_gmt":"2026-03-30T15:22:07","slug":"barre-porte-serviettes-interieure-pour-meuble-or-rose-brosse","status":"publish","type":"product","link":"https:\/\/mapau.es\/fr\/producto\/barre-porte-serviettes-interieure-pour-meuble-or-rose-brosse\/","title":{"rendered":"BARRE PORTE-SERVIETTES INT\u00c9RIEURE POUR MEUBLE OR ROSE BROSS\u00c9"},"content":{"rendered":"<p>Porte-serviettes pour meuble, fabriqu\u00e9 en acier inoxydable avec une finition en or rose bross\u00e9 de haute qualit\u00e9. Il int\u00e8gre un syst\u00e8me de double fixation (collage\/vissage) qui garantit une installation s\u00fbre et polyvalente sur diff\u00e9rentes surfaces.<\/p>\n","protected":false},"excerpt":{"rendered":"<p>Porte-serviettes pour meuble, fabriqu\u00e9 en acier inoxydable avec une finition en or rose bross\u00e9 de haute qualit\u00e9. Il int\u00e8gre un syst\u00e8me de double fixation (collage\/vissage) qui garantit une installation s\u00fbre et polyvalente sur diff\u00e9rentes surfaces.<\/p>\n","protected":false},"featured_media":0,"comment_status":"open","ping_status":"open","template":"","meta":{"_acf_changed":false},"product_brand":[686],"product_cat":[660],"product_tag":[],"class_list":{"0":"post-54858","1":"product","2":"type-product","3":"status-publish","5":"product_brand-accesorios","6":"product_cat-accessoires","8":"first","9":"instock","10":"shipping-taxable","11":"purchasable","12":"product-type-simple"},"acf":[],"_links":{"self":[{"href":"https:\/\/mapau.es\/fr\/wp-json\/wp\/v2\/product\/54858","targetHints":{"allow":["GET"]}}],"collection":[{"href":"https:\/\/mapau.es\/fr\/wp-json\/wp\/v2\/product"}],"about":[{"href":"https:\/\/mapau.es\/fr\/wp-json\/wp\/v2\/types\/product"}],"replies":[{"embeddable":true,"href":"https:\/\/mapau.es\/fr\/wp-json\/wp\/v2\/comments?post=54858"}],"wp:attachment":[{"href":"https:\/\/mapau.es\/fr\/wp-json\/wp\/v2\/media?parent=54858"}],"wp:term":[{"taxonomy":"product_brand","embeddable":true,"href":"https:\/\/mapau.es\/fr\/wp-json\/wp\/v2\/product_brand?post=54858"},{"taxonomy":"product_cat","embeddable":true,"href":"https:\/\/mapau.es\/fr\/wp-json\/wp\/v2\/product_cat?post=54858"},{"taxonomy":"product_tag","embeddable":true,"href":"https:\/\/mapau.es\/fr\/wp-json\/wp\/v2\/product_tag?post=54858"}],"curies":[{"name":"wp","href":"https:\/\/api.w.org\/{rel}","templated":true}]}}