{"id":58086,"date":"2026-03-31T08:05:39","date_gmt":"2026-03-31T06:05:39","guid":{"rendered":"https:\/\/mapau.es\/producto\/ensemble-bacri-vasque-cannelee-miroir-circulaire-led\/"},"modified":"2026-03-31T08:05:46","modified_gmt":"2026-03-31T06:05:46","slug":"ensemble-bacri-vasque-cannelee-miroir-circulaire-led","status":"publish","type":"product","link":"https:\/\/mapau.es\/fr\/producto\/ensemble-bacri-vasque-cannelee-miroir-circulaire-led\/","title":{"rendered":"Ensemble BACRI + vasque cannel\u00e9e + miroir circulaire LED"},"content":{"rendered":"<p>Ensemble de salle de bains BACRI, au design minimaliste et harmonieux, s&rsquo;adaptant parfaitement \u00e0 tous les styles de salle de bains. Cet ensemble comprend un meuble vasque, une vasque cannel\u00e9e et un miroir rond avec \u00e9clairage d&rsquo;ambiance. Le meuble vasque est dot\u00e9 d&rsquo;un tiroir avec poign\u00e9e noire mate et d&rsquo;une cr\u00e9dence en m\u00e9lamine de 15 cm. Il offre un espace de rangement g\u00e9n\u00e9reux. Fabriqu\u00e9 en panneaux de particules de 19 mm avec rev\u00eatement en m\u00e9lamine et finitions optimales, il est \u00e9cologique et recyclable. Il est \u00e9quip\u00e9 de supports avec syst\u00e8me anti-affaissement. Le tiroir m\u00e9tallique \u00e0 double paroi pr\u00e9sente une esth\u00e9tique minimaliste, avec des nervures fines et des lignes droites, une capacit\u00e9 de charge de 25 kg, une accessibilit\u00e9 totale et un grand espace de rangement \u00e0 l&rsquo;arri\u00e8re. Il est \u00e9quip\u00e9 d&rsquo;un syst\u00e8me de fermeture amortie pour prolonger sa dur\u00e9e de vie et \u00e9viter les claquements et les bruits. La vasque \u00e0 poser en c\u00e9ramique est durable et facile \u00e0 nettoyer. Elle comprend un miroir rond avec \u00e9clairage LED d&rsquo;ambiance int\u00e9gr\u00e9. Installation facile\u00a0: l&rsquo;ensemble est livr\u00e9 assembl\u00e9 et pr\u00eat \u00e0 \u00eatre fix\u00e9 au mur. Fixation murale. Kit de fixation inclus. Robinet et bonde non inclus. Fabriqu\u00e9 en Espagne. Toutes les commandes sont exp\u00e9di\u00e9es dans un seul colis contenant tous les composants, vous garantissant ainsi une livraison rapide et compl\u00e8te de votre produit. Notre production r\u00e9pond aux normes de qualit\u00e9 les plus exigeantes, attest\u00e9es par la certification ISO 9001 de Bureau Veritas. De plus, nous avons \u00e0 c\u0153ur la protection de l&rsquo;environnement\u00a0: tous nos produits sont certifi\u00e9s FSC\u00ae et PEFC\u2122, garantissant une gestion durable des for\u00eats et un avenir plus vert.<\/p>\n","protected":false},"excerpt":{"rendered":"<p>Ensemble de salle de bains BACRI, au design minimaliste et harmonieux, s&rsquo;adaptant parfaitement \u00e0 tous les styles de salle de bains. Cet ensemble comprend un meuble vasque, une vasque cannel\u00e9e et un miroir rond avec \u00e9clairage d&rsquo;ambiance. Le meuble vasque est dot\u00e9 d&rsquo;un tiroir avec poign\u00e9e noire mate et d&rsquo;une cr\u00e9dence en m\u00e9lamine de 15 &hellip; <a href=\"https:\/\/mapau.es\/fr\/producto\/ensemble-bacri-vasque-cannelee-miroir-circulaire-led\/\">Continued<\/a><\/p>\n","protected":false},"featured_media":58477,"comment_status":"open","ping_status":"closed","template":"","meta":{"_acf_changed":false},"product_brand":[764],"product_cat":[665],"product_tag":[],"class_list":{"0":"post-58086","1":"product","2":"type-product","3":"status-publish","4":"has-post-thumbnail","6":"product_brand-bacri","7":"product_cat-meubles-de-salle-de-bain-2","9":"first","10":"instock","11":"shipping-taxable","12":"purchasable","13":"product-type-variable"},"acf":[],"_links":{"self":[{"href":"https:\/\/mapau.es\/fr\/wp-json\/wp\/v2\/product\/58086","targetHints":{"allow":["GET"]}}],"collection":[{"href":"https:\/\/mapau.es\/fr\/wp-json\/wp\/v2\/product"}],"about":[{"href":"https:\/\/mapau.es\/fr\/wp-json\/wp\/v2\/types\/product"}],"replies":[{"embeddable":true,"href":"https:\/\/mapau.es\/fr\/wp-json\/wp\/v2\/comments?post=58086"}],"wp:featuredmedia":[{"embeddable":true,"href":"https:\/\/mapau.es\/fr\/wp-json\/wp\/v2\/media\/58477"}],"wp:attachment":[{"href":"https:\/\/mapau.es\/fr\/wp-json\/wp\/v2\/media?parent=58086"}],"wp:term":[{"taxonomy":"product_brand","embeddable":true,"href":"https:\/\/mapau.es\/fr\/wp-json\/wp\/v2\/product_brand?post=58086"},{"taxonomy":"product_cat","embeddable":true,"href":"https:\/\/mapau.es\/fr\/wp-json\/wp\/v2\/product_cat?post=58086"},{"taxonomy":"product_tag","embeddable":true,"href":"https:\/\/mapau.es\/fr\/wp-json\/wp\/v2\/product_tag?post=58086"}],"curies":[{"name":"wp","href":"https:\/\/api.w.org\/{rel}","templated":true}]}}