{"id":58136,"date":"2026-03-31T08:05:47","date_gmt":"2026-03-31T06:05:47","guid":{"rendered":"https:\/\/mapau.es\/producto\/ensemble-cassel-vasque-miroir-circulaire-led-2\/"},"modified":"2026-03-31T08:05:50","modified_gmt":"2026-03-31T06:05:50","slug":"ensemble-cassel-vasque-miroir-circulaire-led-2","status":"publish","type":"product","link":"https:\/\/mapau.es\/fr\/producto\/ensemble-cassel-vasque-miroir-circulaire-led-2\/","title":{"rendered":"Ensemble CASSEL + vasque + miroir circulaire LED"},"content":{"rendered":"<p>Ensemble de salle de bain CASSEL, au design \u00e9quilibr\u00e9 et sophistiqu\u00e9 qui s&rsquo;adapte parfaitement \u00e0 tous les styles de salle de bain. Cet ensemble comprend un meuble vasque, une vasque et un miroir rond avec \u00e9clairage d&rsquo;ambiance. Le meuble vasque est dot\u00e9 d&rsquo;un tiroir avec poign\u00e9e blanche mate et offre un grand espace de rangement. Fabriqu\u00e9 en panneaux de particules de 19 mm avec rev\u00eatement m\u00e9lamin\u00e9 et finitions optimales, il est \u00e9cologique et recyclable. Il est \u00e9quip\u00e9 de supports avec syst\u00e8me anti-affaissement. Le tiroir m\u00e9tallique \u00e0 double paroi pr\u00e9sente une esth\u00e9tique minimaliste, avec des nervures fines et des lignes droites. Il supporte une charge de 25 kg, offre une accessibilit\u00e9 totale et un grand espace de rangement \u00e0 l&rsquo;arri\u00e8re. Son m\u00e9canisme de fermeture amortie prolonge la dur\u00e9e de vie du meuble et \u00e9vite les claquements et les bruits. La vasque \u00e0 poser en c\u00e9ramique est durable et facile \u00e0 nettoyer. Elle comprend un miroir rond avec \u00e9clairage LED d&rsquo;ambiance int\u00e9gr\u00e9. L&rsquo;installation est simple\u00a0: l&rsquo;ensemble est livr\u00e9 assembl\u00e9 et pr\u00eat \u00e0 \u00eatre fix\u00e9 au mur. Un kit de fixation est inclus. Robinetterie et siphon non inclus. Fabriqu\u00e9 en Espagne. Toutes les commandes sont exp\u00e9di\u00e9es dans un seul colis contenant tous les composants, vous garantissant ainsi une r\u00e9ception rapide de votre produit complet. Notre production Nos produits r\u00e9pondent aux normes de qualit\u00e9 les plus exigeantes, comme en t\u00e9moigne la certification ISO 9001 de Bureau Veritas. De plus, nous avons \u00e0 c\u0153ur la protection de l&rsquo;environnement\u00a0: tous nos produits sont certifi\u00e9s FSC\u00ae et PEFC\u2122, garantissant ainsi une gestion durable des for\u00eats et un avenir plus vert.<\/p>\n","protected":false},"excerpt":{"rendered":"<p>Ensemble de salle de bain CASSEL, au design \u00e9quilibr\u00e9 et sophistiqu\u00e9 qui s&rsquo;adapte parfaitement \u00e0 tous les styles de salle de bain. Cet ensemble comprend un meuble vasque, une vasque et un miroir rond avec \u00e9clairage d&rsquo;ambiance. Le meuble vasque est dot\u00e9 d&rsquo;un tiroir avec poign\u00e9e blanche mate et offre un grand espace de rangement. &hellip; <a href=\"https:\/\/mapau.es\/fr\/producto\/ensemble-cassel-vasque-miroir-circulaire-led-2\/\">Continued<\/a><\/p>\n","protected":false},"featured_media":58487,"comment_status":"open","ping_status":"closed","template":"","meta":{"_acf_changed":false},"product_brand":[766],"product_cat":[665],"product_tag":[],"class_list":{"0":"post-58136","1":"product","2":"type-product","3":"status-publish","4":"has-post-thumbnail","6":"product_brand-cassel","7":"product_cat-meubles-de-salle-de-bain-2","9":"first","10":"instock","11":"shipping-taxable","12":"purchasable","13":"product-type-variable"},"acf":[],"_links":{"self":[{"href":"https:\/\/mapau.es\/fr\/wp-json\/wp\/v2\/product\/58136","targetHints":{"allow":["GET"]}}],"collection":[{"href":"https:\/\/mapau.es\/fr\/wp-json\/wp\/v2\/product"}],"about":[{"href":"https:\/\/mapau.es\/fr\/wp-json\/wp\/v2\/types\/product"}],"replies":[{"embeddable":true,"href":"https:\/\/mapau.es\/fr\/wp-json\/wp\/v2\/comments?post=58136"}],"wp:featuredmedia":[{"embeddable":true,"href":"https:\/\/mapau.es\/fr\/wp-json\/wp\/v2\/media\/58487"}],"wp:attachment":[{"href":"https:\/\/mapau.es\/fr\/wp-json\/wp\/v2\/media?parent=58136"}],"wp:term":[{"taxonomy":"product_brand","embeddable":true,"href":"https:\/\/mapau.es\/fr\/wp-json\/wp\/v2\/product_brand?post=58136"},{"taxonomy":"product_cat","embeddable":true,"href":"https:\/\/mapau.es\/fr\/wp-json\/wp\/v2\/product_cat?post=58136"},{"taxonomy":"product_tag","embeddable":true,"href":"https:\/\/mapau.es\/fr\/wp-json\/wp\/v2\/product_tag?post=58136"}],"curies":[{"name":"wp","href":"https:\/\/api.w.org\/{rel}","templated":true}]}}